{"id":2638,"date":"2020-03-07T18:55:54","date_gmt":"2020-03-07T18:55:54","guid":{"rendered":"https:\/\/www.homebasespain.com\/add-listing\/"},"modified":"2020-10-23T09:00:49","modified_gmt":"2020-10-23T09:00:49","slug":"agregar-propiedad","status":"publish","type":"page","link":"https:\/\/www.homebasespain.com\/es\/agregar-propiedad\/","title":{"rendered":"Agregar Propiedad"},"content":{"rendered":"<p><br \/>\n<div class=\"geodir-add-listing  sdel-4582d1ed\" ><div class='gd-notification info'>Debes iniciar sesi\u00f3n para dejar un comentario.<\/div><br \/><div class='gd-login-links'><a class=\"login-link uwp-login-link \" href=\"https:\/\/www.homebasespain.com\/wp-login.php?redirect_to=https%3A%2F%2Fwww.homebasespain.com%2Fes%2Fwp-json%2Fwp%2Fv2%2Fpages%2F2638\" title=\"Conectate\">Conectate<\/a><\/div><\/div><\/p>\n","protected":false},"excerpt":{"rendered":"","protected":false},"author":7,"featured_media":0,"parent":0,"menu_order":100,"comment_status":"closed","ping_status":"closed","template":"","meta":{"_et_pb_use_builder":"","_et_pb_old_content":"","_et_gb_content_width":""},"yoast_head":"<!-- This site is optimized with the Yoast SEO plugin v18.2 - https:\/\/yoast.com\/wordpress\/plugins\/seo\/ -->\n<title>Agregar Propiedad | Homebase Spain<\/title>\n<meta name=\"description\" content=\"Formulario para agregar una nueva propiedad en nuestra web &quot;Homebase Spain&quot;.\" \/>\n<meta name=\"robots\" content=\"index, follow, max-snippet:-1, max-image-preview:large, max-video-preview:-1\" \/>\n<link rel=\"canonical\" href=\"https:\/\/www.homebasespain.com\/es\/agregar-propiedad\/\" \/>\n<meta property=\"og:locale\" content=\"es_ES\" \/>\n<meta property=\"og:type\" content=\"article\" \/>\n<meta property=\"og:title\" content=\"Agregar Propiedad | Homebase Spain\" \/>\n<meta property=\"og:description\" content=\"Formulario para agregar una nueva propiedad en nuestra web &quot;Homebase Spain&quot;.\" \/>\n<meta property=\"og:url\" content=\"https:\/\/www.homebasespain.com\/es\/agregar-propiedad\/\" \/>\n<meta property=\"og:site_name\" content=\"Homebase Spain\" \/>\n<meta property=\"article:modified_time\" content=\"2020-10-23T09:00:49+00:00\" \/>\n<meta name=\"twitter:card\" content=\"summary_large_image\" \/>\n<script type=\"application\/ld+json\" class=\"yoast-schema-graph\">{\"@context\":\"https:\/\/schema.org\",\"@graph\":[{\"@type\":\"Organization\",\"@id\":\"https:\/\/www.homebasespain.com\/#organization\",\"name\":\"Home Base Spain\",\"url\":\"https:\/\/www.homebasespain.com\/\",\"sameAs\":[],\"logo\":{\"@type\":\"ImageObject\",\"@id\":\"https:\/\/www.homebasespain.com\/#logo\",\"inLanguage\":\"es\",\"url\":\"https:\/\/www.homebasespain.com\/wp-content\/uploads\/2020\/02\/Logo-HomeBaseSpain-BlackWEB.jpg\",\"contentUrl\":\"https:\/\/www.homebasespain.com\/wp-content\/uploads\/2020\/02\/Logo-HomeBaseSpain-BlackWEB.jpg\",\"width\":1080,\"height\":1080,\"caption\":\"Home Base Spain\"},\"image\":{\"@id\":\"https:\/\/www.homebasespain.com\/#logo\"}},{\"@type\":\"WebSite\",\"@id\":\"https:\/\/www.homebasespain.com\/#website\",\"url\":\"https:\/\/www.homebasespain.com\/\",\"name\":\"Homebase Spain\",\"description\":\"Expertos en inmuebles con car\u00e1cter e inversi\u00f3n en propiedades en Catalu\u00f1a.\",\"publisher\":{\"@id\":\"https:\/\/www.homebasespain.com\/#organization\"},\"potentialAction\":[{\"@type\":\"SearchAction\",\"target\":{\"@type\":\"EntryPoint\",\"urlTemplate\":\"https:\/\/www.homebasespain.com\/?s={search_term_string}\"},\"query-input\":\"required name=search_term_string\"}],\"inLanguage\":\"es\"},{\"@type\":\"WebPage\",\"@id\":\"https:\/\/www.homebasespain.com\/es\/agregar-propiedad\/#webpage\",\"url\":\"https:\/\/www.homebasespain.com\/es\/agregar-propiedad\/\",\"name\":\"Agregar Propiedad | Homebase Spain\",\"isPartOf\":{\"@id\":\"https:\/\/www.homebasespain.com\/#website\"},\"datePublished\":\"2020-03-07T18:55:54+00:00\",\"dateModified\":\"2020-10-23T09:00:49+00:00\",\"description\":\"Formulario para agregar una nueva propiedad en nuestra web \\\"Homebase Spain\\\".\",\"breadcrumb\":{\"@id\":\"https:\/\/www.homebasespain.com\/es\/agregar-propiedad\/#breadcrumb\"},\"inLanguage\":\"es\",\"potentialAction\":[{\"@type\":\"ReadAction\",\"target\":[\"https:\/\/www.homebasespain.com\/es\/agregar-propiedad\/\"]}]},{\"@type\":\"BreadcrumbList\",\"@id\":\"https:\/\/www.homebasespain.com\/es\/agregar-propiedad\/#breadcrumb\",\"itemListElement\":[{\"@type\":\"ListItem\",\"position\":1,\"name\":\"Home\",\"item\":\"https:\/\/www.homebasespain.com\/es\/\"},{\"@type\":\"ListItem\",\"position\":2,\"name\":\"Agregar Propiedad\"}]}]}<\/script>\n<!-- \/ Yoast SEO plugin. -->","yoast_head_json":{"title":"Agregar Propiedad | Homebase Spain","description":"Formulario para agregar una nueva propiedad en nuestra web \"Homebase Spain\".","robots":{"index":"index","follow":"follow","max-snippet":"max-snippet:-1","max-image-preview":"max-image-preview:large","max-video-preview":"max-video-preview:-1"},"canonical":"https:\/\/www.homebasespain.com\/es\/agregar-propiedad\/","og_locale":"es_ES","og_type":"article","og_title":"Agregar Propiedad | Homebase Spain","og_description":"Formulario para agregar una nueva propiedad en nuestra web \"Homebase Spain\".","og_url":"https:\/\/www.homebasespain.com\/es\/agregar-propiedad\/","og_site_name":"Homebase Spain","article_modified_time":"2020-10-23T09:00:49+00:00","twitter_card":"summary_large_image","schema":{"@context":"https:\/\/schema.org","@graph":[{"@type":"Organization","@id":"https:\/\/www.homebasespain.com\/#organization","name":"Home Base Spain","url":"https:\/\/www.homebasespain.com\/","sameAs":[],"logo":{"@type":"ImageObject","@id":"https:\/\/www.homebasespain.com\/#logo","inLanguage":"es","url":"https:\/\/www.homebasespain.com\/wp-content\/uploads\/2020\/02\/Logo-HomeBaseSpain-BlackWEB.jpg","contentUrl":"https:\/\/www.homebasespain.com\/wp-content\/uploads\/2020\/02\/Logo-HomeBaseSpain-BlackWEB.jpg","width":1080,"height":1080,"caption":"Home Base Spain"},"image":{"@id":"https:\/\/www.homebasespain.com\/#logo"}},{"@type":"WebSite","@id":"https:\/\/www.homebasespain.com\/#website","url":"https:\/\/www.homebasespain.com\/","name":"Homebase Spain","description":"Expertos en inmuebles con car\u00e1cter e inversi\u00f3n en propiedades en Catalu\u00f1a.","publisher":{"@id":"https:\/\/www.homebasespain.com\/#organization"},"potentialAction":[{"@type":"SearchAction","target":{"@type":"EntryPoint","urlTemplate":"https:\/\/www.homebasespain.com\/?s={search_term_string}"},"query-input":"required name=search_term_string"}],"inLanguage":"es"},{"@type":"WebPage","@id":"https:\/\/www.homebasespain.com\/es\/agregar-propiedad\/#webpage","url":"https:\/\/www.homebasespain.com\/es\/agregar-propiedad\/","name":"Agregar Propiedad | Homebase Spain","isPartOf":{"@id":"https:\/\/www.homebasespain.com\/#website"},"datePublished":"2020-03-07T18:55:54+00:00","dateModified":"2020-10-23T09:00:49+00:00","description":"Formulario para agregar una nueva propiedad en nuestra web \"Homebase Spain\".","breadcrumb":{"@id":"https:\/\/www.homebasespain.com\/es\/agregar-propiedad\/#breadcrumb"},"inLanguage":"es","potentialAction":[{"@type":"ReadAction","target":["https:\/\/www.homebasespain.com\/es\/agregar-propiedad\/"]}]},{"@type":"BreadcrumbList","@id":"https:\/\/www.homebasespain.com\/es\/agregar-propiedad\/#breadcrumb","itemListElement":[{"@type":"ListItem","position":1,"name":"Home","item":"https:\/\/www.homebasespain.com\/es\/"},{"@type":"ListItem","position":2,"name":"Agregar Propiedad"}]}]}},"_links":{"self":[{"href":"https:\/\/www.homebasespain.com\/es\/wp-json\/wp\/v2\/pages\/2638"}],"collection":[{"href":"https:\/\/www.homebasespain.com\/es\/wp-json\/wp\/v2\/pages"}],"about":[{"href":"https:\/\/www.homebasespain.com\/es\/wp-json\/wp\/v2\/types\/page"}],"author":[{"embeddable":true,"href":"https:\/\/www.homebasespain.com\/es\/wp-json\/wp\/v2\/users\/7"}],"replies":[{"embeddable":true,"href":"https:\/\/www.homebasespain.com\/es\/wp-json\/wp\/v2\/comments?post=2638"}],"version-history":[{"count":0,"href":"https:\/\/www.homebasespain.com\/es\/wp-json\/wp\/v2\/pages\/2638\/revisions"}],"wp:attachment":[{"href":"https:\/\/www.homebasespain.com\/es\/wp-json\/wp\/v2\/media?parent=2638"}],"curies":[{"name":"wp","href":"https:\/\/api.w.org\/{rel}","templated":true}]}}