{"id":2207,"date":"2020-02-13T07:45:41","date_gmt":"2020-02-13T07:45:41","guid":{"rendered":"https:\/\/www.homebasespain.com\/?page_id=2207"},"modified":"2020-10-23T10:05:31","modified_gmt":"2020-10-23T10:05:31","slug":"uso-de-cookies","status":"publish","type":"page","link":"https:\/\/www.homebasespain.com\/es\/uso-de-cookies\/","title":{"rendered":"Uso de los cookies"},"content":{"rendered":"\n\n[et_pb_section fb_built=\u00bb1&#8243; fullwidth=\u00bbon\u00bb _builder_version=\u00bb4.0.6&#8243; background_image=\u00bbhttps:\/\/www.homebasespain.com\/wp-content\/uploads\/2019\/11\/travel-landscape-19.jpg\u00bb][et_pb_fullwidth_header title=\u00bb@ET-DC@eyJkeW5hbWljIjp0cnVlLCJjb250ZW50IjoicG9zdF90aXRsZSIsInNldHRpbmdzIjp7ImJlZm9yZSI6IiIsImFmdGVyIjoiIn19@\u00bb subhead=\u00bbHomebase Spain\u00bb _builder_version=\u00bb4.0.6&#8243; _dynamic_attributes=\u00bbtitle\u00bb title_font=\u00bb|600|||||||\u00bb title_font_size=\u00bb40px\u00bb subhead_font=\u00bb||||||||\u00bb subhead_font_size=\u00bb20px\u00bb background_enable_color=\u00bboff\u00bb custom_padding=\u00bb100px||100px||true|false\u00bb][\/et_pb_fullwidth_header][\/et_pb_section][et_pb_section fb_built=\u00bb1&#8243; _builder_version=\u00bb4.0.6&#8243;][et_pb_row _builder_version=\u00bb4.0.6&#8243;][et_pb_column type=\u00bb4_4&#8243; _builder_version=\u00bb4.0.6&#8243;][et_pb_text _builder_version=\u00bb4.3.2&#8243; hover_enabled=\u00bb0&#8243;]<h2>INFORMACI\u00d3N SOBRE LA POL\u00cdTICA DE COOKIES DE WWW.HOMEBASESPAIN.COM<\/h2>\n<p>Esta web usa cookies de terceros para ofrecer al usuario una mejor experiencia y servicio. Buscando o usando nuestros servicios, el usuario acepta los cookies. De todas formas, los usuarios tienen la opci\u00f3n de prevenir la generaci\u00f3n de cookies y su eliminaci\u00f3n con la correspondiente opci\u00f3n del navegador. Si bloqueas el uso de cookies en el navegador, algunos servicios y funcionalidades de la tienda online podr\u00edan no estar disponibles.<\/p>\n<h2>\u00bfQU\u00c9 SON LOS COOKIES?<\/h2>\n<p>Un cookie es un archivo creado por una tienda online para almacenar informaaci\u00f3n en tu ordenador, as\u00ed como tus preferencias a la hora de visitarlo. Cuando visitas una pagina que usa cookies, la web puede preguntar si quieres guardar las cookis en el disco duro. Depende del buscador, las cookies se guardan en un solo fichero o en diferentes.<\/p>\n<p>Los cookies normalmente guardan configuraciones de las paginas que visitas, como tu ubicaci\u00f3n o tu lenguaje de preferencia. De esta manera, si vuelves a la web, podr\u00e1 cargar la configuraci\u00f3n mediante las cookies que pertenecen a la misma, siendo as\u00ed capaces de presentar tu configuraci\u00f3n personalizada dependiendo de tus necesidades.<\/p>\n<p>Los cookies tambi\u00e9n pueden almacenar permanentemente informacion personal como el mail, nombre, telefono, direcci\u00f3n, etc que puede ser usado para contactarte. Una web solo tiene acceso a tu informaci\u00f3n personal si la provee el usuario. Una web puede no tener acceso a ning\u00fan otro tipo de datos de tu ordenador.<\/p>\n<p>Por defecto, no puedes ver este tipo de actividades y por eso no puedes saber cuando una web est\u00e1 creando cookies o cuando el navegador manda cookies a una web. Es posible cambiar la configuraci\u00f3n de la Pol\u00edtica de Privacidad en tu buscador para que prevenga a las paginas de usar tus cookies.<\/p>\n<h2>\u00bfC\u00d3MO SE USAN LOS COOKIES?<\/h2>\n<p>Buscando en esta web, el usuario acepta que los cookies puedan ser instalados en su terminal y nos deja usar la siguiente informaci\u00f3n:<\/p>\n<ul>\n<li>Informaci\u00f3n esad\u00edstica del uso de la web.<\/li>\n<li>El login del usuario para mantener una sesi\u00f3n activa.<\/li>\n<li>Los datos de conexi\u00f3n con redes sociales para usuarios que acceden con Facebook, Twitter, Google+ o Pinterest.<\/li>\n<\/ul>\n<h2>TIPOS DE COOKIES QUE USAMOS<\/h2>\n<p>Esta web usa ambas, cookies temporales y permanentes. Las cookies de sesi\u00f3n guardan datos solo cuando el usuario accede a la web y las cookies permanentes guardan los datos en la terminal para que puedan ser reutilizado en cada sesi\u00f3n.<\/p>\n<p>Dependiendo de el motivo por el cual se obtuvieron los datos, la web podr\u00e1 usar:\u00a0<\/p>\n<h4>COOKIES TECNICAS<\/h4>\n<p>Estas cookies dejan al usuario navegar totalmente por la tienda y usar los diferentes servicios y opciones que existen dentro de ella. Por ejemplo, controlar el trafico y los datos de comunicaci\u00f3n, identificar la sesi\u00f3n, acceder a las partes restringidas de la web (panel de usuario), recordar los elementos que conforman la orden, realizar la petici\u00f3n de registro o participaci\u00f3n de un evento, usar elementos de seguridad durante la navegaci\u00f3n y el almacenamiento de videos y\/o sonidos.\u00a0<\/p>\n<h4>COOKIES DE PERSONALIZACI\u00d3N<\/h4>\n<p>Estas cookies son las que otorgan al usuario el acceso a los servicios con algunas caracter\u00edsticas predefinidas en su terminal, la cuales determina el propio usuario. Por ejemplo, el lenguaje, el tipo de buscador con el que accedes al servicio, el dise\u00f1o de contenido seleccionado, geolocalizaci\u00f3n del terminal y la configuraci\u00f3n regional de desde donde se accede al servicio.<\/p>\n<h4>COOKIES DE TERCEROS<\/h4>\n<p>En algunas webs, se habilitan cookies de terceros para ayudar a manejar y mejorar los servicios que se ofrecen.<\/p>\n<p>En <a href=\"http:\/\/www.homebasespain.com\">www.homebasespain.com<\/a>\u00a0usamos cookis de terceros desde Google Inc., Twitter Inc., Facebook Inc., y Pinterest Inc. para compartir contenidos a trav\u00e9s de sitios como Google+, Twitter, Facebook y Pinterest.<\/p>\n<p>Google Inc. usan las cookies para su servicio de Analytics y estas est\u00e1n disponibles para analizar la informaci\u00f3n de navegaci\u00f3n. M\u00e1s informaci\u00f3n en: https:\/\/policies.google.com\/technologies\/types?hl=en<\/p>\n<p>Usamos cookies de Zopim Technologies para el correcto funcionamiento del chat de asistencia personal. Las cookies espec\u00edficas son:<\/p>\n<p>__ zlcid : guarda tu ID de usuario y se usa en cada visita o sesi\u00f3n de chat.<\/p>\n<p>__ zprivacy : guarda las preferencias para desactivar el chat y dejar de usar cookies.\u00a0<\/p>\n<h2>\u00bfC\u00d3MO MANEJAR LAS COOKIES EN EL NAVEGADOR?<\/h2>\n<p>El usuario tiene la opci\u00f3n de permitir, bloquear o borrar los cookies instalados en los ordenadores, configurando las opciones instaladas en el buscador.<\/p>\n<p>Par ajustar los permisos relacionados con los cookies en los diferentes buscadores, puedes mirar:<\/p>\n<p><strong>GOOGLE CHROME BROWSER:<\/strong><\/p>\n<p><a href=\"https:\/\/support.google.com\/chrome\/answer\/95647?hl=en\">https:\/\/support.google.com\/chrome\/answer\/95647?hl=en<\/a><\/p>\n<p><strong>MOZILLA FIREFOX BROWSER:<\/strong><\/p>\n<p><a href=\"https:\/\/support.mozilla.org\/es\/kb\/cookies-informacion-que-los-sitios-web-guardan-en-?esab=a&amp;s=adminstracion+de+cookies&amp;r=2&amp;as=s\">https:\/\/support.mozilla.org\/es\/kb\/cookies-informacion-que-los-sitios-web-guardan-en-?esab=a&amp;s=adminstracion+de+cookies&amp;r=2&amp;as=s<\/a><\/p>\n<p><strong>INTERNET BROWSER EXPLORER:<\/strong><\/p>\n<p><a href=\"https:\/\/support.microsoft.com\/es-es\/help\/17442\/windows-internet-explorer-delete-manage-cookies\">https:\/\/support.microsoft.com\/es-es\/help\/17442\/windows-internet-explorer-delete-manage-cookies<\/a><\/p>\n<p><strong>OPERA BROWSER:<\/strong><\/p>\n<p><a href=\"http:\/\/help.opera.com\/Windows\/11.50\/es-ES\/cookies.html\">http:\/\/help.opera.com\/Windows\/11.50\/es-ES\/cookies.html<\/a><\/p>\n<p>Ten en cuenta que si bloqueas el uso de cookies de tu buscador, algunos servicios o funcionalidades de l tienda online puede que no esten disponibles.<\/p>\n<p>En algunos buscadores pedes configurar reglas especificas para organizar los cookies de la web, los cuales ofrecen control m\u00e1s preciso sobre la privacidad. Esto quiere decir que los cookies pueden ser desactivados de todos los sitios excepto de los seguros.<\/p>\n[\/et_pb_text][\/et_pb_column][\/et_pb_row][\/et_pb_section]\n\n","protected":false},"excerpt":{"rendered":"","protected":false},"author":2,"featured_media":0,"parent":0,"menu_order":150,"comment_status":"closed","ping_status":"closed","template":"","meta":{"_et_pb_use_builder":"on","_et_pb_old_content":"","_et_gb_content_width":""},"yoast_head":"<!-- This site is optimized with the Yoast SEO plugin v18.2 - https:\/\/yoast.com\/wordpress\/plugins\/seo\/ -->\n<title>Uso de los cookies | Homebase Spain<\/title>\n<meta name=\"description\" content=\"La web usa cookies de terceros para ofrecer al usuario una mejor experiencia y servicio. Buscando\/usando nuestros servicios, el usuario acepta los cookies.\" \/>\n<meta name=\"robots\" content=\"index, nofollow, max-snippet:-1, max-image-preview:large, max-video-preview:-1\" \/>\n<link rel=\"canonical\" href=\"https:\/\/www.homebasespain.com\/es\/uso-de-cookies\/\" \/>\n<meta property=\"og:locale\" content=\"es_ES\" \/>\n<meta property=\"og:type\" content=\"article\" \/>\n<meta property=\"og:title\" content=\"Uso de los cookies | Homebase Spain\" \/>\n<meta property=\"og:description\" content=\"La web usa cookies de terceros para ofrecer al usuario una mejor experiencia y servicio. Buscando\/usando nuestros servicios, el usuario acepta los cookies.\" \/>\n<meta property=\"og:url\" content=\"https:\/\/www.homebasespain.com\/es\/uso-de-cookies\/\" \/>\n<meta property=\"og:site_name\" content=\"Homebase Spain\" \/>\n<meta property=\"article:modified_time\" content=\"2020-10-23T10:05:31+00:00\" \/>\n<meta name=\"twitter:card\" content=\"summary_large_image\" \/>\n<meta name=\"twitter:label1\" content=\"Tiempo de lectura\" \/>\n\t<meta name=\"twitter:data1\" content=\"5 minutos\" \/>\n<script type=\"application\/ld+json\" class=\"yoast-schema-graph\">{\"@context\":\"https:\/\/schema.org\",\"@graph\":[{\"@type\":\"Organization\",\"@id\":\"https:\/\/www.homebasespain.com\/#organization\",\"name\":\"Home Base Spain\",\"url\":\"https:\/\/www.homebasespain.com\/\",\"sameAs\":[],\"logo\":{\"@type\":\"ImageObject\",\"@id\":\"https:\/\/www.homebasespain.com\/#logo\",\"inLanguage\":\"es\",\"url\":\"https:\/\/www.homebasespain.com\/wp-content\/uploads\/2020\/02\/Logo-HomeBaseSpain-BlackWEB.jpg\",\"contentUrl\":\"https:\/\/www.homebasespain.com\/wp-content\/uploads\/2020\/02\/Logo-HomeBaseSpain-BlackWEB.jpg\",\"width\":1080,\"height\":1080,\"caption\":\"Home Base Spain\"},\"image\":{\"@id\":\"https:\/\/www.homebasespain.com\/#logo\"}},{\"@type\":\"WebSite\",\"@id\":\"https:\/\/www.homebasespain.com\/#website\",\"url\":\"https:\/\/www.homebasespain.com\/\",\"name\":\"Homebase Spain\",\"description\":\"Expertos en inmuebles con car\u00e1cter e inversi\u00f3n en propiedades en Catalu\u00f1a.\",\"publisher\":{\"@id\":\"https:\/\/www.homebasespain.com\/#organization\"},\"potentialAction\":[{\"@type\":\"SearchAction\",\"target\":{\"@type\":\"EntryPoint\",\"urlTemplate\":\"https:\/\/www.homebasespain.com\/?s={search_term_string}\"},\"query-input\":\"required name=search_term_string\"}],\"inLanguage\":\"es\"},{\"@type\":\"WebPage\",\"@id\":\"https:\/\/www.homebasespain.com\/es\/uso-de-cookies\/#webpage\",\"url\":\"https:\/\/www.homebasespain.com\/es\/uso-de-cookies\/\",\"name\":\"Uso de los cookies | Homebase Spain\",\"isPartOf\":{\"@id\":\"https:\/\/www.homebasespain.com\/#website\"},\"datePublished\":\"2020-02-13T07:45:41+00:00\",\"dateModified\":\"2020-10-23T10:05:31+00:00\",\"description\":\"La web usa cookies de terceros para ofrecer al usuario una mejor experiencia y servicio. Buscando\/usando nuestros servicios, el usuario acepta los cookies.\",\"breadcrumb\":{\"@id\":\"https:\/\/www.homebasespain.com\/es\/uso-de-cookies\/#breadcrumb\"},\"inLanguage\":\"es\",\"potentialAction\":[{\"@type\":\"ReadAction\",\"target\":[\"https:\/\/www.homebasespain.com\/es\/uso-de-cookies\/\"]}]},{\"@type\":\"BreadcrumbList\",\"@id\":\"https:\/\/www.homebasespain.com\/es\/uso-de-cookies\/#breadcrumb\",\"itemListElement\":[{\"@type\":\"ListItem\",\"position\":1,\"name\":\"Home\",\"item\":\"https:\/\/www.homebasespain.com\/es\/\"},{\"@type\":\"ListItem\",\"position\":2,\"name\":\"Uso de los cookies\"}]}]}<\/script>\n<!-- \/ Yoast SEO plugin. -->","yoast_head_json":{"title":"Uso de los cookies | Homebase Spain","description":"La web usa cookies de terceros para ofrecer al usuario una mejor experiencia y servicio. Buscando\/usando nuestros servicios, el usuario acepta los cookies.","robots":{"index":"index","follow":"nofollow","max-snippet":"max-snippet:-1","max-image-preview":"max-image-preview:large","max-video-preview":"max-video-preview:-1"},"canonical":"https:\/\/www.homebasespain.com\/es\/uso-de-cookies\/","og_locale":"es_ES","og_type":"article","og_title":"Uso de los cookies | Homebase Spain","og_description":"La web usa cookies de terceros para ofrecer al usuario una mejor experiencia y servicio. Buscando\/usando nuestros servicios, el usuario acepta los cookies.","og_url":"https:\/\/www.homebasespain.com\/es\/uso-de-cookies\/","og_site_name":"Homebase Spain","article_modified_time":"2020-10-23T10:05:31+00:00","twitter_card":"summary_large_image","twitter_misc":{"Tiempo de lectura":"5 minutos"},"schema":{"@context":"https:\/\/schema.org","@graph":[{"@type":"Organization","@id":"https:\/\/www.homebasespain.com\/#organization","name":"Home Base Spain","url":"https:\/\/www.homebasespain.com\/","sameAs":[],"logo":{"@type":"ImageObject","@id":"https:\/\/www.homebasespain.com\/#logo","inLanguage":"es","url":"https:\/\/www.homebasespain.com\/wp-content\/uploads\/2020\/02\/Logo-HomeBaseSpain-BlackWEB.jpg","contentUrl":"https:\/\/www.homebasespain.com\/wp-content\/uploads\/2020\/02\/Logo-HomeBaseSpain-BlackWEB.jpg","width":1080,"height":1080,"caption":"Home Base Spain"},"image":{"@id":"https:\/\/www.homebasespain.com\/#logo"}},{"@type":"WebSite","@id":"https:\/\/www.homebasespain.com\/#website","url":"https:\/\/www.homebasespain.com\/","name":"Homebase Spain","description":"Expertos en inmuebles con car\u00e1cter e inversi\u00f3n en propiedades en Catalu\u00f1a.","publisher":{"@id":"https:\/\/www.homebasespain.com\/#organization"},"potentialAction":[{"@type":"SearchAction","target":{"@type":"EntryPoint","urlTemplate":"https:\/\/www.homebasespain.com\/?s={search_term_string}"},"query-input":"required name=search_term_string"}],"inLanguage":"es"},{"@type":"WebPage","@id":"https:\/\/www.homebasespain.com\/es\/uso-de-cookies\/#webpage","url":"https:\/\/www.homebasespain.com\/es\/uso-de-cookies\/","name":"Uso de los cookies | Homebase Spain","isPartOf":{"@id":"https:\/\/www.homebasespain.com\/#website"},"datePublished":"2020-02-13T07:45:41+00:00","dateModified":"2020-10-23T10:05:31+00:00","description":"La web usa cookies de terceros para ofrecer al usuario una mejor experiencia y servicio. Buscando\/usando nuestros servicios, el usuario acepta los cookies.","breadcrumb":{"@id":"https:\/\/www.homebasespain.com\/es\/uso-de-cookies\/#breadcrumb"},"inLanguage":"es","potentialAction":[{"@type":"ReadAction","target":["https:\/\/www.homebasespain.com\/es\/uso-de-cookies\/"]}]},{"@type":"BreadcrumbList","@id":"https:\/\/www.homebasespain.com\/es\/uso-de-cookies\/#breadcrumb","itemListElement":[{"@type":"ListItem","position":1,"name":"Home","item":"https:\/\/www.homebasespain.com\/es\/"},{"@type":"ListItem","position":2,"name":"Uso de los cookies"}]}]}},"_links":{"self":[{"href":"https:\/\/www.homebasespain.com\/es\/wp-json\/wp\/v2\/pages\/2207"}],"collection":[{"href":"https:\/\/www.homebasespain.com\/es\/wp-json\/wp\/v2\/pages"}],"about":[{"href":"https:\/\/www.homebasespain.com\/es\/wp-json\/wp\/v2\/types\/page"}],"author":[{"embeddable":true,"href":"https:\/\/www.homebasespain.com\/es\/wp-json\/wp\/v2\/users\/2"}],"replies":[{"embeddable":true,"href":"https:\/\/www.homebasespain.com\/es\/wp-json\/wp\/v2\/comments?post=2207"}],"version-history":[{"count":0,"href":"https:\/\/www.homebasespain.com\/es\/wp-json\/wp\/v2\/pages\/2207\/revisions"}],"wp:attachment":[{"href":"https:\/\/www.homebasespain.com\/es\/wp-json\/wp\/v2\/media?parent=2207"}],"curies":[{"name":"wp","href":"https:\/\/api.w.org\/{rel}","templated":true}]}}