{"id":2205,"date":"2020-02-13T07:45:11","date_gmt":"2020-02-13T07:45:11","guid":{"rendered":"https:\/\/www.homebasespain.com\/?page_id=2205"},"modified":"2020-10-23T10:02:57","modified_gmt":"2020-10-23T10:02:57","slug":"politica-privacidad","status":"publish","type":"page","link":"https:\/\/www.homebasespain.com\/es\/politica-privacidad\/","title":{"rendered":"Pol\u00edtica de Privacidad"},"content":{"rendered":"\n\n[et_pb_section fb_built=\u00bb1&#8243; fullwidth=\u00bbon\u00bb _builder_version=\u00bb4.0.6&#8243; background_color=\u00bbrgba(0,0,0,0.25)\u00bb background_image=\u00bbhttps:\/\/www.homebasespain.com\/wp-content\/uploads\/2019\/12\/Carrer_Major_5_Saifores_Paquete_de_25_fotos_2_20191004-145037.jpg\u00bb background_blend=\u00bbmultiply\u00bb][et_pb_fullwidth_header title=\u00bb@ET-DC@eyJkeW5hbWljIjp0cnVlLCJjb250ZW50IjoicG9zdF90aXRsZSIsInNldHRpbmdzIjp7ImJlZm9yZSI6IiIsImFmdGVyIjoiIn19@\u00bb subhead=\u00bbHomebase Spain\u00bb _builder_version=\u00bb4.0.6&#8243; _dynamic_attributes=\u00bbtitle\u00bb title_font=\u00bb|600|||||||\u00bb title_text_align=\u00bbleft\u00bb title_font_size=\u00bb40px\u00bb subhead_font=\u00bb||||||||\u00bb subhead_text_align=\u00bbleft\u00bb subhead_font_size=\u00bb20px\u00bb background_enable_color=\u00bboff\u00bb custom_padding=\u00bb40px||40px||true|false\u00bb title_text_align_tablet=\u00bbcenter\u00bb title_text_align_phone=\u00bb\u00bb title_text_align_last_edited=\u00bbon|phone\u00bb subhead_text_align_tablet=\u00bbcenter\u00bb subhead_text_align_phone=\u00bb\u00bb subhead_text_align_last_edited=\u00bbon|phone\u00bb][\/et_pb_fullwidth_header][\/et_pb_section][et_pb_section fb_built=\u00bb1&#8243; _builder_version=\u00bb4.0.6&#8243;][et_pb_row _builder_version=\u00bb4.0.6&#8243;][et_pb_column type=\u00bb4_4&#8243; _builder_version=\u00bb4.0.6&#8243;][et_pb_text _builder_version=\u00bb4.3.2&#8243; hover_enabled=\u00bb0&#8243;]<h2><span style=\"font-weight: 400;\">HomBase Spain manejando tus datos personales<\/span><\/h2>\n<p><span style=\"font-weight: 400;\">Homebase Spain protege tu privacidad y tus datos personales de la mejor manera. Esta pol\u00edtica describe como recogemos la informaci\u00f3n que manejamos. Usando nuestros servicios, accedes a que podamos usar de esa manera tus datos personales.<\/span><\/p>\n<h2><span style=\"font-weight: 400;\">\u00bfQu\u00e9 datos personales manejamos?<\/span><\/h2>\n<p>Recolectamos tus datos, como pueden ser tu nombre, correo o n\u00famero de tel\u00e9fono cuando nos contactas directamente, cuando te susribes apara recivir novedades da trav\u00e9s de nuestro correo, cuando interactuas con nosotros a trav\u00e9s de redes sociales o cuando compartes voluntariamente tu informaci\u00f3n con nootros.<\/p>\n<p>Si compras o vendes propiedades a trav\u00e9s de nosotro, te pediremos el nombre, NIE o n\u00famero de la seguridad social, direcci\u00f3n y direcci\u00f3n de correo, as\u00ed como otros datos relevantes que necesitemos para proporcionarte servicios.<\/p>\n<h2><span style=\"font-weight: 400;\">\u00bfPor qu\u00e9 recolectamos la informaci\u00f3n?<\/span><\/h2>\n<p><span style=\"font-weight: 400;\">Tus datos personales se necesitan para ofrecerte los servicios y completar nuestras acciones. Tus datos son usados para permitirte acceder a nuestros servicios y identificarte, administrar tu cuenta, enviarte informaci\u00f3n de marketing directamente (durante el tiempo en que no hayas dado de baja ese servicio) y por motivos de estad\u00edsticas.<\/span><\/p>\n<p>Si compras propiedades a trav\u00e9s de nosotros, tus datos ser\u00e1n usados para prover los mismos a las vendedoras, ya sean personas, entidades o un agente inmobiliario, y para poder facturar tu pedido. Si es parte de nuestra misi\u00f3n, podemos, con tu consentimiento, pasar la informaci\u00f3n a un profesional, como un abogado o un arquitecto. Solo compartiremos tu informaci\u00f3n si nos lo dices explicitamente.<\/p>\n<p>Si vendes la propiedad a trav\u00e9s de nosotros, tus datos ser\u00e1n usados para publicar, manejar y vender, para tu propio marketing y para promocionarte y facturarte por los sevicios.<\/p>\n<h2><span style=\"font-weight: 400;\">\u00bfCon qui\u00e9n compartimos datos?<\/span><\/h2>\n<p><span style=\"font-weight: 400;\">Para poder ralizar nuestros servicios, probablemente necesitemos compartir tus datos con otras compa\u00f1\u00edas. Tambi\u00e9n usamos proveedores de terceros en algunos casos como marketing, etc. Cuando compartimos tu informaci\u00f3n con otras personas, tenemos consentimientos y procedimientos para proteger tus datos.<\/span><\/p>\n<h2><span style=\"font-weight: 400;\">\u00bfPor cu\u00e1nto tiempo guardamos tus datos?<\/span><\/h2>\n<p><span style=\"font-weight: 400;\">HomeBase Spain guarda tus datos el tiempo que sea necesario para que consigas los objetivos que se describen en la Pol\u00edtica. Si te das de alta de nuestros servicios, borraremos tus datos lo antes posibe, exceptuando los que nos sirvan para hacer las estad\u00edsticas y para propaganda por nuestras redes sociales.<\/span><\/p>\n<h2><span style=\"font-weight: 400;\">Para saber m\u00e1s&#8230;<\/span><\/h2>\n<p><span style=\"font-weight: 400;\">Siempre tendr\u00e1s derecho a saber que informaci\u00f3n tuya tenemos en nuestros sistemas y podr\u00e1s pedir en cualquier momento que editemos o borremos cierta informaci\u00f3n si crees que est\u00e1 incorrecta, pasada de fecha o si simplemente quieres cambiarla. Si eso quieres, simplemente contactanos con los datos que facilitamos en el apartado de Contacta o en nuestra web: www.homebasespain.com<\/span><\/p>\n[\/et_pb_text][\/et_pb_column][\/et_pb_row][\/et_pb_section]\n\n","protected":false},"excerpt":{"rendered":"","protected":false},"author":2,"featured_media":0,"parent":0,"menu_order":100,"comment_status":"closed","ping_status":"closed","template":"","meta":{"_et_pb_use_builder":"on","_et_pb_old_content":"","_et_gb_content_width":""},"yoast_head":"<!-- This site is optimized with the Yoast SEO plugin v18.2 - https:\/\/yoast.com\/wordpress\/plugins\/seo\/ -->\n<title>Pol\u00edtica de Privacidad | Homebase Spain<\/title>\n<meta name=\"description\" content=\"Homebase Spain protege tu privacidad y tus datos personales de la mejor manera. Esta pol\u00edtica describe como recogemos la informaci\u00f3n que manejamos.\" \/>\n<meta name=\"robots\" content=\"index, follow, max-snippet:-1, max-image-preview:large, max-video-preview:-1\" \/>\n<link rel=\"canonical\" href=\"https:\/\/www.homebasespain.com\/es\/politica-privacidad\/\" \/>\n<meta property=\"og:locale\" content=\"es_ES\" \/>\n<meta property=\"og:type\" content=\"article\" \/>\n<meta property=\"og:title\" content=\"Pol\u00edtica de Privacidad | Homebase Spain\" \/>\n<meta property=\"og:description\" content=\"Homebase Spain protege tu privacidad y tus datos personales de la mejor manera. Esta pol\u00edtica describe como recogemos la informaci\u00f3n que manejamos.\" \/>\n<meta property=\"og:url\" content=\"https:\/\/www.homebasespain.com\/es\/politica-privacidad\/\" \/>\n<meta property=\"og:site_name\" content=\"Homebase Spain\" \/>\n<meta property=\"article:modified_time\" content=\"2020-10-23T10:02:57+00:00\" \/>\n<meta name=\"twitter:card\" content=\"summary_large_image\" \/>\n<meta name=\"twitter:label1\" content=\"Tiempo de lectura\" \/>\n\t<meta name=\"twitter:data1\" content=\"3 minutos\" \/>\n<script type=\"application\/ld+json\" class=\"yoast-schema-graph\">{\"@context\":\"https:\/\/schema.org\",\"@graph\":[{\"@type\":\"Organization\",\"@id\":\"https:\/\/www.homebasespain.com\/#organization\",\"name\":\"Home Base Spain\",\"url\":\"https:\/\/www.homebasespain.com\/\",\"sameAs\":[],\"logo\":{\"@type\":\"ImageObject\",\"@id\":\"https:\/\/www.homebasespain.com\/#logo\",\"inLanguage\":\"es\",\"url\":\"https:\/\/www.homebasespain.com\/wp-content\/uploads\/2020\/02\/Logo-HomeBaseSpain-BlackWEB.jpg\",\"contentUrl\":\"https:\/\/www.homebasespain.com\/wp-content\/uploads\/2020\/02\/Logo-HomeBaseSpain-BlackWEB.jpg\",\"width\":1080,\"height\":1080,\"caption\":\"Home Base Spain\"},\"image\":{\"@id\":\"https:\/\/www.homebasespain.com\/#logo\"}},{\"@type\":\"WebSite\",\"@id\":\"https:\/\/www.homebasespain.com\/#website\",\"url\":\"https:\/\/www.homebasespain.com\/\",\"name\":\"Homebase Spain\",\"description\":\"Expertos en inmuebles con car\u00e1cter e inversi\u00f3n en propiedades en Catalu\u00f1a.\",\"publisher\":{\"@id\":\"https:\/\/www.homebasespain.com\/#organization\"},\"potentialAction\":[{\"@type\":\"SearchAction\",\"target\":{\"@type\":\"EntryPoint\",\"urlTemplate\":\"https:\/\/www.homebasespain.com\/?s={search_term_string}\"},\"query-input\":\"required name=search_term_string\"}],\"inLanguage\":\"es\"},{\"@type\":\"WebPage\",\"@id\":\"https:\/\/www.homebasespain.com\/es\/politica-privacidad\/#webpage\",\"url\":\"https:\/\/www.homebasespain.com\/es\/politica-privacidad\/\",\"name\":\"Pol\u00edtica de Privacidad | Homebase Spain\",\"isPartOf\":{\"@id\":\"https:\/\/www.homebasespain.com\/#website\"},\"datePublished\":\"2020-02-13T07:45:11+00:00\",\"dateModified\":\"2020-10-23T10:02:57+00:00\",\"description\":\"Homebase Spain protege tu privacidad y tus datos personales de la mejor manera. Esta pol\u00edtica describe como recogemos la informaci\u00f3n que manejamos.\",\"breadcrumb\":{\"@id\":\"https:\/\/www.homebasespain.com\/es\/politica-privacidad\/#breadcrumb\"},\"inLanguage\":\"es\",\"potentialAction\":[{\"@type\":\"ReadAction\",\"target\":[\"https:\/\/www.homebasespain.com\/es\/politica-privacidad\/\"]}]},{\"@type\":\"BreadcrumbList\",\"@id\":\"https:\/\/www.homebasespain.com\/es\/politica-privacidad\/#breadcrumb\",\"itemListElement\":[{\"@type\":\"ListItem\",\"position\":1,\"name\":\"Home\",\"item\":\"https:\/\/www.homebasespain.com\/es\/\"},{\"@type\":\"ListItem\",\"position\":2,\"name\":\"Pol\u00edtica de Privacidad\"}]}]}<\/script>\n<!-- \/ Yoast SEO plugin. -->","yoast_head_json":{"title":"Pol\u00edtica de Privacidad | Homebase Spain","description":"Homebase Spain protege tu privacidad y tus datos personales de la mejor manera. Esta pol\u00edtica describe como recogemos la informaci\u00f3n que manejamos.","robots":{"index":"index","follow":"follow","max-snippet":"max-snippet:-1","max-image-preview":"max-image-preview:large","max-video-preview":"max-video-preview:-1"},"canonical":"https:\/\/www.homebasespain.com\/es\/politica-privacidad\/","og_locale":"es_ES","og_type":"article","og_title":"Pol\u00edtica de Privacidad | Homebase Spain","og_description":"Homebase Spain protege tu privacidad y tus datos personales de la mejor manera. Esta pol\u00edtica describe como recogemos la informaci\u00f3n que manejamos.","og_url":"https:\/\/www.homebasespain.com\/es\/politica-privacidad\/","og_site_name":"Homebase Spain","article_modified_time":"2020-10-23T10:02:57+00:00","twitter_card":"summary_large_image","twitter_misc":{"Tiempo de lectura":"3 minutos"},"schema":{"@context":"https:\/\/schema.org","@graph":[{"@type":"Organization","@id":"https:\/\/www.homebasespain.com\/#organization","name":"Home Base Spain","url":"https:\/\/www.homebasespain.com\/","sameAs":[],"logo":{"@type":"ImageObject","@id":"https:\/\/www.homebasespain.com\/#logo","inLanguage":"es","url":"https:\/\/www.homebasespain.com\/wp-content\/uploads\/2020\/02\/Logo-HomeBaseSpain-BlackWEB.jpg","contentUrl":"https:\/\/www.homebasespain.com\/wp-content\/uploads\/2020\/02\/Logo-HomeBaseSpain-BlackWEB.jpg","width":1080,"height":1080,"caption":"Home Base Spain"},"image":{"@id":"https:\/\/www.homebasespain.com\/#logo"}},{"@type":"WebSite","@id":"https:\/\/www.homebasespain.com\/#website","url":"https:\/\/www.homebasespain.com\/","name":"Homebase Spain","description":"Expertos en inmuebles con car\u00e1cter e inversi\u00f3n en propiedades en Catalu\u00f1a.","publisher":{"@id":"https:\/\/www.homebasespain.com\/#organization"},"potentialAction":[{"@type":"SearchAction","target":{"@type":"EntryPoint","urlTemplate":"https:\/\/www.homebasespain.com\/?s={search_term_string}"},"query-input":"required name=search_term_string"}],"inLanguage":"es"},{"@type":"WebPage","@id":"https:\/\/www.homebasespain.com\/es\/politica-privacidad\/#webpage","url":"https:\/\/www.homebasespain.com\/es\/politica-privacidad\/","name":"Pol\u00edtica de Privacidad | Homebase Spain","isPartOf":{"@id":"https:\/\/www.homebasespain.com\/#website"},"datePublished":"2020-02-13T07:45:11+00:00","dateModified":"2020-10-23T10:02:57+00:00","description":"Homebase Spain protege tu privacidad y tus datos personales de la mejor manera. Esta pol\u00edtica describe como recogemos la informaci\u00f3n que manejamos.","breadcrumb":{"@id":"https:\/\/www.homebasespain.com\/es\/politica-privacidad\/#breadcrumb"},"inLanguage":"es","potentialAction":[{"@type":"ReadAction","target":["https:\/\/www.homebasespain.com\/es\/politica-privacidad\/"]}]},{"@type":"BreadcrumbList","@id":"https:\/\/www.homebasespain.com\/es\/politica-privacidad\/#breadcrumb","itemListElement":[{"@type":"ListItem","position":1,"name":"Home","item":"https:\/\/www.homebasespain.com\/es\/"},{"@type":"ListItem","position":2,"name":"Pol\u00edtica de Privacidad"}]}]}},"_links":{"self":[{"href":"https:\/\/www.homebasespain.com\/es\/wp-json\/wp\/v2\/pages\/2205"}],"collection":[{"href":"https:\/\/www.homebasespain.com\/es\/wp-json\/wp\/v2\/pages"}],"about":[{"href":"https:\/\/www.homebasespain.com\/es\/wp-json\/wp\/v2\/types\/page"}],"author":[{"embeddable":true,"href":"https:\/\/www.homebasespain.com\/es\/wp-json\/wp\/v2\/users\/2"}],"replies":[{"embeddable":true,"href":"https:\/\/www.homebasespain.com\/es\/wp-json\/wp\/v2\/comments?post=2205"}],"version-history":[{"count":0,"href":"https:\/\/www.homebasespain.com\/es\/wp-json\/wp\/v2\/pages\/2205\/revisions"}],"wp:attachment":[{"href":"https:\/\/www.homebasespain.com\/es\/wp-json\/wp\/v2\/media?parent=2205"}],"curies":[{"name":"wp","href":"https:\/\/api.w.org\/{rel}","templated":true}]}}