{"id":2203,"date":"2020-02-13T07:44:47","date_gmt":"2020-02-13T07:44:47","guid":{"rendered":"https:\/\/www.homebasespain.com\/?page_id=2203"},"modified":"2020-10-23T09:15:18","modified_gmt":"2020-10-23T09:15:18","slug":"look-see-tours","status":"publish","type":"page","link":"https:\/\/www.homebasespain.com\/es\/look-see-tours\/","title":{"rendered":"Tours para mirar y ver"},"content":{"rendered":"\n[et_pb_section fb_built=\u00bb1&#8243; fullwidth=\u00bbon\u00bb _builder_version=\u00bb4.0.6&#8243; background_color=\u00bbrgba(0,0,0,0.25)\u00bb background_image=\u00bbhttps:\/\/www.homebasespain.com\/wp-content\/uploads\/2019\/12\/Carrer_Major_5_Saifores_Paquete_de_25_fotos_2_20191004-145037.jpg\u00bb background_blend=\u00bbmultiply\u00bb][et_pb_fullwidth_header title=\u00bb@ET-DC@eyJkeW5hbWljIjp0cnVlLCJjb250ZW50IjoicG9zdF90aXRsZSIsInNldHRpbmdzIjp7ImJlZm9yZSI6IiIsImFmdGVyIjoiIn19@\u00bb subhead=\u00bbHomebase Spain\u00bb _builder_version=\u00bb4.0.6&#8243; _dynamic_attributes=\u00bbtitle\u00bb title_font=\u00bb|600|||||||\u00bb title_text_align=\u00bbleft\u00bb title_font_size=\u00bb40px\u00bb subhead_font=\u00bb||||||||\u00bb subhead_text_align=\u00bbleft\u00bb subhead_font_size=\u00bb20px\u00bb background_enable_color=\u00bboff\u00bb custom_padding=\u00bb40px||40px||true|false\u00bb title_text_align_tablet=\u00bbcenter\u00bb title_text_align_phone=\u00bb\u00bb title_text_align_last_edited=\u00bbon|phone\u00bb subhead_text_align_tablet=\u00bbcenter\u00bb subhead_text_align_phone=\u00bb\u00bb subhead_text_align_last_edited=\u00bbon|phone\u00bb][\/et_pb_fullwidth_header][\/et_pb_section][et_pb_section fb_built=\u00bb1&#8243; _builder_version=\u00bb4.0.6&#8243; custom_margin=\u00bb30px||||false|false\u00bb custom_padding=\u00bb0px||||false|false\u00bb border_width_bottom=\u00bb4px\u00bb border_color_bottom=\u00bb#a48a7b\u00bb][et_pb_row column_structure=\u00bb1_2,1_2&#8243; use_custom_gutter=\u00bbon\u00bb gutter_width=\u00bb2&#8243; _builder_version=\u00bb4.0.6&#8243; custom_padding=\u00bb||67px|||\u00bb][et_pb_column type=\u00bb1_2&#8243; _builder_version=\u00bb4.0.6&#8243; custom_padding=\u00bb0px||||false|false\u00bb custom_padding_tablet=\u00bb\u00bb custom_padding_phone=\u00bb\u00bb custom_padding_last_edited=\u00bbon|desktop\u00bb][et_pb_text _builder_version=\u00bb4.3.2&#8243; header_2_font=\u00bb|600|||||||\u00bb header_2_text_align=\u00bbleft\u00bb header_2_line_height=\u00bb1.1em\u00bb]<blockquote>\n<h2>\u00bfEst\u00e1s pensando comprar propiedades en Catalu\u00f1a?<\/h2>\n<\/blockquote>[\/et_pb_text][et_pb_text _builder_version=\u00bb4.3.2&#8243; text_orientation=\u00bbjustified\u00bb]<p>En nuestras rutas podr\u00e1s llegar a entender el mercado inmobiliario de Catalu\u00f1a, encontrando el area que mejor se adapta a ti y aprendiendo todo sobre el proceso de compra para que te familiarces con el mismo.<\/p>\n<p>\u00a1\u00danete a nuestras visitas guiadas personalizadas!<\/p>\n<p>Solemos organizar lo tours en oto\u00f1o y primavera para que los clientes puedan llegar a comprender mejor el mercado y las diferentes opciones disponibles antes de que decidan qu\u00e9 y d\u00f3nde comprar.<\/p>\n<p>Normalmente concretamos tres dias de visitas intensivas con nosotros. No solo comprender\u00e1s mejor las ofertas que hay en el mercado sin\u00f3 que tambi\u00e9n pasar\u00e1s un buen rato.<\/p>\n<p>Estas rutas est\u00e1n creadas para adaptarse a los requisitos de nuestros clientes. Para planear el intinerario, te entrevistaremos y conoceremos cada detalle de tus planes, modo de vida y necesidades. C\u00f3mo los intereses individales de cada cliente son los que marcan la agenda, no habr\u00e1n dos intinerarios iguales. Para poder ofrecer ese grado de tratamiento personalizado y informaci\u00f3n espec\u00edfica, llevamos a peque\u00f1os grupos por cada visita.<\/p>\n<p>Por supuesto, miraremos en zonas y propiedades para poder informarte en gran medida sobre las t\u00e9cnicas de construcci\u00f3n, c\u00e1lculos, oportunidades de financiaci\u00f3n y el proceso de compra en si mismo. Durante el recorrido, ser\u00e1s capaz de crear una imagen en tu mente de c\u00f3mo ser\u00eda la vida que tendr\u00edas aqu\u00ed. Podr\u00e1s conocer la zona, actividades, restaurantes y otros servicios como las opciones de transporte. El recorrido te proveer\u00e1 unos fundamentos solidos sobre los que basar la elecci\u00f3n de tu inversi\u00f3n. Obviamente que tambi\u00e9n pasaremos un rato agradable y saldr\u00e1s de all\u00ed con grandes experiencias con los que podr\u00edan ser tus nuevos amigos y vecinos en un futuro.<\/p>[\/et_pb_text][et_pb_button button_url=\u00bbhttps:\/\/www.homebasespain.com\/es\/contacta\/\u00bb button_text=\u00bbSaber m\u00e1s\u00bb button_alignment=\u00bbleft\u00bb button_alignment_tablet=\u00bbcenter\u00bb button_alignment_phone=\u00bbcenter\u00bb button_alignment_last_edited=\u00bbon|tablet\u00bb _builder_version=\u00bb4.4.1&#8243;][\/et_pb_button][\/et_pb_column][et_pb_column type=\u00bb1_2&#8243; _builder_version=\u00bb4.0.6&#8243; custom_padding=\u00bb25px||||false|false\u00bb custom_padding_tablet=\u00bb\u00bb custom_padding_phone=\u00bb10px||||false|false\u00bb custom_padding_last_edited=\u00bbon|phone\u00bb][et_pb_image src=\u00bbhttps:\/\/www.homebasespain.com\/wp-content\/uploads\/2019\/11\/begur-720891_1280-1024&#215;685.jpg\u00bb _builder_version=\u00bb4.0.6&#8243;][\/et_pb_image][et_pb_image src=\u00bbhttps:\/\/www.homebasespain.com\/wp-content\/uploads\/2020\/01\/DSC_0566copy-scaled.jpg\u00bb _builder_version=\u00bb4.0.6&#8243; custom_padding=\u00bb20px||||false|false\u00bb][\/et_pb_image][\/et_pb_column][\/et_pb_row][et_pb_row use_custom_gutter=\u00bbon\u00bb gutter_width=\u00bb2&#8243; _builder_version=\u00bb4.4.7&#8243; background_color=\u00bb#a48a7b\u00bb background_image=\u00bbhttps:\/\/www.homebasespain.com\/wp-content\/uploads\/2019\/12\/geometic-bg-white.jpg\u00bb background_blend=\u00bbmultiply\u00bb custom_margin=\u00bb40px||||false|false\u00bb custom_padding=\u00bb|25px||25px|false|true\u00bb locked=\u00bboff\u00bb][et_pb_column type=\u00bb4_4&#8243; _builder_version=\u00bb4.0.6&#8243;][et_pb_text _builder_version=\u00bb4.4.7&#8243; header_font=\u00bb||||||||\u00bb header_3_font=\u00bb|600|||||||\u00bb header_3_text_align=\u00bbcenter\u00bb header_3_font_size=\u00bb25px\u00bb text_orientation=\u00bbcenter\u00bb background_layout=\u00bbdark\u00bb custom_margin=\u00bb||0px||false|false\u00bb hover_enabled=\u00bb0&#8243; header_3_text_align_tablet=\u00bbcenter\u00bb header_3_text_align_phone=\u00bb\u00bb header_3_text_align_last_edited=\u00bbon|desktop\u00bb text_orientation_last_edited=\u00bboff|desktop\u00bb]<h3>Kristin Ehrenborg<\/h3>\n<p><em>CEO &amp; Fundador<\/em><\/p>\n[\/et_pb_text][et_pb_divider color=\u00bb#ffffff\u00bb divider_weight=\u00bb3px\u00bb _builder_version=\u00bb4.4.7&#8243; width=\u00bb6%\u00bb module_alignment=\u00bbcenter\u00bb custom_margin=\u00bb||0px||false|false\u00bb custom_padding=\u00bb15px||||false|false\u00bb module_alignment_tablet=\u00bbcenter\u00bb module_alignment_phone=\u00bbcenter\u00bb module_alignment_last_edited=\u00bbon|phone\u00bb][\/et_pb_divider][et_pb_text _builder_version=\u00bb4.4.7&#8243; text_font_size=\u00bb18px\u00bb header_font=\u00bb||||||||\u00bb header_3_font=\u00bb|600|||||||\u00bb text_orientation=\u00bbcenter\u00bb background_layout=\u00bbdark\u00bb hover_enabled=\u00bb0&#8243; text_orientation_tablet=\u00bbcenter\u00bb text_orientation_phone=\u00bb\u00bb text_orientation_last_edited=\u00bbon|desktop\u00bb]<p>\u00abCont\u00e1ctenos y hablemos sobre c\u00f3mo mi equipo y yo podemos ayudarle a comprar o vender propiedades en Catalu\u00f1a\u00bb<\/p>\n<p><i class=\"fas fa-phone-volume\"><\/i><span style=\"color: #ffffff;\"><a href=\"tel:+346155589 98\" style=\"color: #ffffff;\">\u00a0+34 615 55 89 98<\/a><\/span><br \/> <i class=\"fas fa-envelope\" aria-hidden=\"true\"><\/i> <span style=\"color: #ffffff;\"><a href=\"mailto:kristin@homebasespain.com\" style=\"color: #ffffff;\">kristin@homebasespain.com<\/a><\/span><\/p>\n[\/et_pb_text][et_pb_social_media_follow icon_color=\u00bb#a48a7b\u00bb use_icon_font_size=\u00bbon\u00bb icon_font_size=\u00bb14px\u00bb _builder_version=\u00bb4.4.7&#8243; text_orientation=\u00bbcenter\u00bb custom_margin=\u00bb||0px||false|false\u00bb text_orientation_tablet=\u00bbcenter\u00bb text_orientation_phone=\u00bb\u00bb text_orientation_last_edited=\u00bbon|desktop\u00bb icon_color__hover_enabled=\u00bbon|hover\u00bb icon_color__hover=\u00bb#ffffff\u00bb][et_pb_social_media_follow_network social_network=\u00bbfacebook\u00bb url=\u00bbhttps:\/\/www.facebook.com\/homebasespain\/\u00bb _builder_version=\u00bb4.0.6&#8243; background_color=\u00bb#ffffff\u00bb background_enable_color=\u00bbon\u00bb background__hover_enabled=\u00bbon|hover\u00bb background_color__hover=\u00bb#0c71c3&#8243; background_enable_color__hover=\u00bbon\u00bb follow_button=\u00bboff\u00bb url_new_window=\u00bbon\u00bb]facebook[\/et_pb_social_media_follow_network][et_pb_social_media_follow_network social_network=\u00bbinstagram\u00bb url=\u00bbhttps:\/\/www.instagram.com\/homebasespain\/\u00bb _builder_version=\u00bb4.0.6&#8243; background_color=\u00bb#ffffff\u00bb background_enable_color=\u00bbon\u00bb background_color__hover=\u00bb#ea2c59&#8243; background_enable_color__hover=\u00bbon\u00bb background__hover_enabled=\u00bbon|hover\u00bb follow_button=\u00bboff\u00bb url_new_window=\u00bbon\u00bb]instagram[\/et_pb_social_media_follow_network][et_pb_social_media_follow_network social_network=\u00bblinkedin\u00bb url=\u00bbhttps:\/\/www.linkedin.com\/in\/kristin-ehrenborg\u00bb _builder_version=\u00bb4.0.6&#8243; background_color=\u00bb#ffffff\u00bb background_enable_color=\u00bbon\u00bb background_color__hover=\u00bb#0e76a8&#8243; background_enable_color__hover=\u00bbon\u00bb background__hover_enabled=\u00bbon|desktop\u00bb follow_button=\u00bboff\u00bb url_new_window=\u00bbon\u00bb]linkedin[\/et_pb_social_media_follow_network][\/et_pb_social_media_follow][\/et_pb_column][\/et_pb_row][\/et_pb_section]\n","protected":false},"excerpt":{"rendered":"","protected":false},"author":2,"featured_media":1974,"parent":0,"menu_order":5,"comment_status":"closed","ping_status":"closed","template":"","meta":{"_et_pb_use_builder":"on","_et_pb_old_content":"","_et_gb_content_width":""},"yoast_head":"<!-- This site is optimized with the Yoast SEO plugin v18.2 - https:\/\/yoast.com\/wordpress\/plugins\/seo\/ -->\n<title>Tours para mirar y ver | Homebase Spain<\/title>\n<meta name=\"description\" content=\"\u00bfEst\u00e1s pensando comprar propiedades en Catalu\u00f1a? Visita &quot;Tours para mirar y ver | Homebase Spain&quot; i consulta alguna de nuestras propiedades en venta.\" \/>\n<meta name=\"robots\" content=\"index, follow, max-snippet:-1, max-image-preview:large, max-video-preview:-1\" \/>\n<link rel=\"canonical\" href=\"https:\/\/www.homebasespain.com\/es\/look-see-tours\/\" \/>\n<meta property=\"og:locale\" content=\"es_ES\" \/>\n<meta property=\"og:type\" content=\"article\" \/>\n<meta property=\"og:title\" content=\"Tours para mirar y ver | Homebase Spain\" \/>\n<meta property=\"og:description\" content=\"\u00bfEst\u00e1s pensando comprar propiedades en Catalu\u00f1a? Visita &quot;Tours para mirar y ver | Homebase Spain&quot; i consulta alguna de nuestras propiedades en venta.\" \/>\n<meta property=\"og:url\" content=\"https:\/\/www.homebasespain.com\/es\/look-see-tours\/\" \/>\n<meta property=\"og:site_name\" content=\"Homebase Spain\" \/>\n<meta property=\"article:modified_time\" content=\"2020-10-23T09:15:18+00:00\" \/>\n<meta property=\"og:image\" content=\"https:\/\/www.homebasespain.com\/wp-content\/uploads\/2019\/12\/a3.jpg\" \/>\n\t<meta property=\"og:image:width\" content=\"300\" \/>\n\t<meta property=\"og:image:height\" content=\"225\" \/>\n\t<meta property=\"og:image:type\" content=\"image\/jpeg\" \/>\n<meta name=\"twitter:card\" content=\"summary_large_image\" \/>\n<meta name=\"twitter:image\" content=\"https:\/\/www.homebasespain.com\/wp-content\/uploads\/2020\/02\/IMG_4908-scaled.jpg\" \/>\n<meta name=\"twitter:label1\" content=\"Tiempo de lectura\" \/>\n\t<meta name=\"twitter:data1\" content=\"5 minutos\" \/>\n<script type=\"application\/ld+json\" class=\"yoast-schema-graph\">{\"@context\":\"https:\/\/schema.org\",\"@graph\":[{\"@type\":\"Organization\",\"@id\":\"https:\/\/www.homebasespain.com\/#organization\",\"name\":\"Home Base Spain\",\"url\":\"https:\/\/www.homebasespain.com\/\",\"sameAs\":[],\"logo\":{\"@type\":\"ImageObject\",\"@id\":\"https:\/\/www.homebasespain.com\/#logo\",\"inLanguage\":\"es\",\"url\":\"https:\/\/www.homebasespain.com\/wp-content\/uploads\/2020\/02\/Logo-HomeBaseSpain-BlackWEB.jpg\",\"contentUrl\":\"https:\/\/www.homebasespain.com\/wp-content\/uploads\/2020\/02\/Logo-HomeBaseSpain-BlackWEB.jpg\",\"width\":1080,\"height\":1080,\"caption\":\"Home Base Spain\"},\"image\":{\"@id\":\"https:\/\/www.homebasespain.com\/#logo\"}},{\"@type\":\"WebSite\",\"@id\":\"https:\/\/www.homebasespain.com\/#website\",\"url\":\"https:\/\/www.homebasespain.com\/\",\"name\":\"Homebase Spain\",\"description\":\"Expertos en inmuebles con car\u00e1cter e inversi\u00f3n en propiedades en Catalu\u00f1a.\",\"publisher\":{\"@id\":\"https:\/\/www.homebasespain.com\/#organization\"},\"potentialAction\":[{\"@type\":\"SearchAction\",\"target\":{\"@type\":\"EntryPoint\",\"urlTemplate\":\"https:\/\/www.homebasespain.com\/?s={search_term_string}\"},\"query-input\":\"required name=search_term_string\"}],\"inLanguage\":\"es\"},{\"@type\":\"ImageObject\",\"@id\":\"https:\/\/www.homebasespain.com\/es\/look-see-tours\/#primaryimage\",\"inLanguage\":\"es\",\"url\":\"https:\/\/www.homebasespain.com\/wp-content\/uploads\/2019\/12\/a3.jpg\",\"contentUrl\":\"https:\/\/www.homebasespain.com\/wp-content\/uploads\/2019\/12\/a3.jpg\",\"width\":300,\"height\":225},{\"@type\":\"WebPage\",\"@id\":\"https:\/\/www.homebasespain.com\/es\/look-see-tours\/#webpage\",\"url\":\"https:\/\/www.homebasespain.com\/es\/look-see-tours\/\",\"name\":\"Tours para mirar y ver | Homebase Spain\",\"isPartOf\":{\"@id\":\"https:\/\/www.homebasespain.com\/#website\"},\"primaryImageOfPage\":{\"@id\":\"https:\/\/www.homebasespain.com\/es\/look-see-tours\/#primaryimage\"},\"datePublished\":\"2020-02-13T07:44:47+00:00\",\"dateModified\":\"2020-10-23T09:15:18+00:00\",\"description\":\"\u00bfEst\u00e1s pensando comprar propiedades en Catalu\u00f1a? Visita \\\"Tours para mirar y ver | Homebase Spain\\\" i consulta alguna de nuestras propiedades en venta.\",\"breadcrumb\":{\"@id\":\"https:\/\/www.homebasespain.com\/es\/look-see-tours\/#breadcrumb\"},\"inLanguage\":\"es\",\"potentialAction\":[{\"@type\":\"ReadAction\",\"target\":[\"https:\/\/www.homebasespain.com\/es\/look-see-tours\/\"]}]},{\"@type\":\"BreadcrumbList\",\"@id\":\"https:\/\/www.homebasespain.com\/es\/look-see-tours\/#breadcrumb\",\"itemListElement\":[{\"@type\":\"ListItem\",\"position\":1,\"name\":\"Home\",\"item\":\"https:\/\/www.homebasespain.com\/es\/\"},{\"@type\":\"ListItem\",\"position\":2,\"name\":\"Tours para mirar y ver\"}]}]}<\/script>\n<!-- \/ Yoast SEO plugin. -->","yoast_head_json":{"title":"Tours para mirar y ver | Homebase Spain","description":"\u00bfEst\u00e1s pensando comprar propiedades en Catalu\u00f1a? Visita \"Tours para mirar y ver | Homebase Spain\" i consulta alguna de nuestras propiedades en venta.","robots":{"index":"index","follow":"follow","max-snippet":"max-snippet:-1","max-image-preview":"max-image-preview:large","max-video-preview":"max-video-preview:-1"},"canonical":"https:\/\/www.homebasespain.com\/es\/look-see-tours\/","og_locale":"es_ES","og_type":"article","og_title":"Tours para mirar y ver | Homebase Spain","og_description":"\u00bfEst\u00e1s pensando comprar propiedades en Catalu\u00f1a? Visita \"Tours para mirar y ver | Homebase Spain\" i consulta alguna de nuestras propiedades en venta.","og_url":"https:\/\/www.homebasespain.com\/es\/look-see-tours\/","og_site_name":"Homebase Spain","article_modified_time":"2020-10-23T09:15:18+00:00","og_image":[{"width":300,"height":225,"url":"https:\/\/www.homebasespain.com\/wp-content\/uploads\/2019\/12\/a3.jpg","type":"image\/jpeg"}],"twitter_card":"summary_large_image","twitter_image":"https:\/\/www.homebasespain.com\/wp-content\/uploads\/2020\/02\/IMG_4908-scaled.jpg","twitter_misc":{"Tiempo de lectura":"5 minutos"},"schema":{"@context":"https:\/\/schema.org","@graph":[{"@type":"Organization","@id":"https:\/\/www.homebasespain.com\/#organization","name":"Home Base Spain","url":"https:\/\/www.homebasespain.com\/","sameAs":[],"logo":{"@type":"ImageObject","@id":"https:\/\/www.homebasespain.com\/#logo","inLanguage":"es","url":"https:\/\/www.homebasespain.com\/wp-content\/uploads\/2020\/02\/Logo-HomeBaseSpain-BlackWEB.jpg","contentUrl":"https:\/\/www.homebasespain.com\/wp-content\/uploads\/2020\/02\/Logo-HomeBaseSpain-BlackWEB.jpg","width":1080,"height":1080,"caption":"Home Base Spain"},"image":{"@id":"https:\/\/www.homebasespain.com\/#logo"}},{"@type":"WebSite","@id":"https:\/\/www.homebasespain.com\/#website","url":"https:\/\/www.homebasespain.com\/","name":"Homebase Spain","description":"Expertos en inmuebles con car\u00e1cter e inversi\u00f3n en propiedades en Catalu\u00f1a.","publisher":{"@id":"https:\/\/www.homebasespain.com\/#organization"},"potentialAction":[{"@type":"SearchAction","target":{"@type":"EntryPoint","urlTemplate":"https:\/\/www.homebasespain.com\/?s={search_term_string}"},"query-input":"required name=search_term_string"}],"inLanguage":"es"},{"@type":"ImageObject","@id":"https:\/\/www.homebasespain.com\/es\/look-see-tours\/#primaryimage","inLanguage":"es","url":"https:\/\/www.homebasespain.com\/wp-content\/uploads\/2019\/12\/a3.jpg","contentUrl":"https:\/\/www.homebasespain.com\/wp-content\/uploads\/2019\/12\/a3.jpg","width":300,"height":225},{"@type":"WebPage","@id":"https:\/\/www.homebasespain.com\/es\/look-see-tours\/#webpage","url":"https:\/\/www.homebasespain.com\/es\/look-see-tours\/","name":"Tours para mirar y ver | Homebase Spain","isPartOf":{"@id":"https:\/\/www.homebasespain.com\/#website"},"primaryImageOfPage":{"@id":"https:\/\/www.homebasespain.com\/es\/look-see-tours\/#primaryimage"},"datePublished":"2020-02-13T07:44:47+00:00","dateModified":"2020-10-23T09:15:18+00:00","description":"\u00bfEst\u00e1s pensando comprar propiedades en Catalu\u00f1a? Visita \"Tours para mirar y ver | Homebase Spain\" i consulta alguna de nuestras propiedades en venta.","breadcrumb":{"@id":"https:\/\/www.homebasespain.com\/es\/look-see-tours\/#breadcrumb"},"inLanguage":"es","potentialAction":[{"@type":"ReadAction","target":["https:\/\/www.homebasespain.com\/es\/look-see-tours\/"]}]},{"@type":"BreadcrumbList","@id":"https:\/\/www.homebasespain.com\/es\/look-see-tours\/#breadcrumb","itemListElement":[{"@type":"ListItem","position":1,"name":"Home","item":"https:\/\/www.homebasespain.com\/es\/"},{"@type":"ListItem","position":2,"name":"Tours para mirar y ver"}]}]}},"_links":{"self":[{"href":"https:\/\/www.homebasespain.com\/es\/wp-json\/wp\/v2\/pages\/2203"}],"collection":[{"href":"https:\/\/www.homebasespain.com\/es\/wp-json\/wp\/v2\/pages"}],"about":[{"href":"https:\/\/www.homebasespain.com\/es\/wp-json\/wp\/v2\/types\/page"}],"author":[{"embeddable":true,"href":"https:\/\/www.homebasespain.com\/es\/wp-json\/wp\/v2\/users\/2"}],"replies":[{"embeddable":true,"href":"https:\/\/www.homebasespain.com\/es\/wp-json\/wp\/v2\/comments?post=2203"}],"version-history":[{"count":0,"href":"https:\/\/www.homebasespain.com\/es\/wp-json\/wp\/v2\/pages\/2203\/revisions"}],"wp:featuredmedia":[{"embeddable":true,"href":"https:\/\/www.homebasespain.com\/es\/wp-json\/wp\/v2\/media\/1974"}],"wp:attachment":[{"href":"https:\/\/www.homebasespain.com\/es\/wp-json\/wp\/v2\/media?parent=2203"}],"curies":[{"name":"wp","href":"https:\/\/api.w.org\/{rel}","templated":true}]}}