{"id":2201,"date":"2020-02-13T07:43:49","date_gmt":"2020-02-13T07:43:49","guid":{"rendered":"https:\/\/www.homebasespain.com\/?page_id=2201"},"modified":"2020-06-08T09:10:06","modified_gmt":"2020-06-08T09:10:06","slug":"aviso-legal","status":"publish","type":"page","link":"https:\/\/www.homebasespain.com\/es\/aviso-legal\/","title":{"rendered":"Aviso legal"},"content":{"rendered":"<p>[et_pb_section fb_built=\u00bb1&#8243; fullwidth=\u00bbon\u00bb _builder_version=\u00bb4.0.6&#8243; background_image=\u00bbhttps:\/\/www.homebasespain.com\/wp-content\/uploads\/2019\/11\/travel-landscape-19.jpg\u00bb][et_pb_fullwidth_header title=\u00bb@ET-DC@eyJkeW5hbWljIjp0cnVlLCJjb250ZW50IjoicG9zdF90aXRsZSIsInNldHRpbmdzIjp7ImJlZm9yZSI6IiIsImFmdGVyIjoiIn19@\u00bb subhead=\u00bbHomebase Spain\u00bb _builder_version=\u00bb4.0.6&#8243; _dynamic_attributes=\u00bbtitle\u00bb title_font=\u00bb|600|||||||\u00bb title_font_size=\u00bb40px\u00bb subhead_font=\u00bb||||||||\u00bb subhead_font_size=\u00bb20px\u00bb background_enable_color=\u00bboff\u00bb custom_padding=\u00bb100px||100px||true|false\u00bb][\/et_pb_fullwidth_header][\/et_pb_section][et_pb_section fb_built=\u00bb1&#8243; _builder_version=\u00bb4.0.6&#8243;][et_pb_row _builder_version=\u00bb4.0.6&#8243;][et_pb_column type=\u00bb4_4&#8243; _builder_version=\u00bb4.0.6&#8243;][et_pb_text _builder_version=\u00bb4.4.8&#8243; hover_enabled=\u00bb0&#8243;]<\/p>\n<h2>AVISO LEGAL Y CONDICIONES DE USO DEL PORTAL<\/h2>\n<p><span>Para cumplir con el articulo 10 de la ley 34\/2002 de los Servicios de la Informaci\u00f3n, la Sociedad de la infomaci\u00f3n y el Comercio Electr\u00f3nico, informamos a nuestros usuarios de suestros datos<\/span><span>: Nombre de la corporaci\u00f3n: HomeBase Spain Real State, S.L. CIF: B67618611 Telefono: 0034 615 55 89 98 E-Mail: kristin@homebasespain.com Web: www. homebasespain.com<\/span><\/p>\n<p><span><\/span><\/p>\n<h2>1. OBJETO<\/h2>\n<p><span>HomeBase Spain (tambi\u00e9n el proveedor) como responsable de la web, hace este documento accesible para los usuarios, el cual regula el uso de la web WWW.HOMEBASESPAIN.COM, con la que pretendemos cumplir las obligaciones que nos provee la Ley<\/span><span>\u00a034\/2002, en los Servicios de la Sociedad de la Informaci\u00f3n y Comercio electr\u00f3nico (LSSICE or LSSI), as\u00ed como informar a todos los usuarios de la web, recordando las condiciones de la web. A trav\u00e9s de la web, HomeBase Spain, facilitamos a los usuarios el acceso y uso de diferentes servicios y contenidos accesibles desde la web. Cualquier persona que accede a esta web, asume el rol de usuario (tambi\u00e9n el usuario) y implica la aceptaci\u00f3n de cada uno de los puntos que este aviso legal incluye, as\u00ed como otros puntos que se pudiesen aplicar. Como usuarios, deben leer este aviso legal detenidamente en cualquiera de las ocasiones en que entren a esta web, ya que puede sufrir modificaciones si el proveedor as\u00ed lo desea debido a que tiene el derecho de modificar cualquier tipo de informaci\u00f3n que pueda aparecer en la web, sin obligaci\u00f3n aluguna de notificar a los usuarios de las mismas, consideandose suficiente el haberlas publicado en la web del proveedor.<\/span><\/p>\n<h2>2. CONDICIONES DE ACCESO Y USO DE LA WEB<\/h2>\n<p>&nbsp;<\/p>\n<h3>2.1. CARACTER DE ACCESO Y USO DE LA WEB LIBRE<\/h3>\n<p><span>El provisionado de servicios de HomeBase Spain es libre para todos los Usuarios. De todas\u00a0 maneras, algunos de los servicios que proveemos por la web est\u00e1n sujetos a un pago por contrato general.<\/span><\/p>\n<h3>2.2. REGISTRO DEL USUARIO.<\/h3>\n<p><span>En general, el provisionado de los servicios no necesitan subscripci\u00f3n o registro de los usuarios. Aun as\u00ed, HomeBase Spain condiciona el uso de algunos de los servicios a la complementaci\u00f3n de el registro de usuario correspondiente. Este registro ser\u00e1 llevado de la maera indicada en la acci\u00f3n misma.<\/span><\/p>\n<h3>2.3. VERICIDAD DE LA INFORMACI\u00d3N.<\/h3>\n<p><span>Toda la informaci\u00f3n provisionada por el usuario ha de ser cierta. Para esto, el usuario ha de garantizar la vericidad de la data que nos provee mediante kos formularios de suscripci\u00f3n a los Servicios. Ser\u00e1 responsabilidad del usuario mantener actualiada toda la informaci\u00f3n provisionada a HomeBase Spain para que corresponda siempre a la situaci\u00f3n real. De todos modos el usuario ser\u00e1 el responsable de cualquier declaraci\u00f3n falsa o incompleta dicha y por los da\u00f1os causados al proveedor de terceros.<\/span><\/p>\n<h3>2.4. MENORES.<\/h3>\n<p><span>Para el uso de los servicios, los menores deber\u00e1n obtener consentimiento previo de sus padres, tutores o representantes legales, siendo estos losmayores responsables de sus actos. La responsabilidad de los contenidos a los que acceden los menores corresponden a ellos, por eso es que si ellos acceden a contenido inapropiado por internet, los mecanismos de filtrado de contenido que hayan establecido en los ordenadores, aunque no sean infalibles, ser\u00edan \u00fatiles para controlar y restringir ese contenido.<\/span><\/p>\n<h3>2.5 C\u00d3MO HACER UN USO ADECUADO DE LA WEB.<\/h3>\n<p><span>El usuario se compromete a usar la web en acuerdo con la Ley y el Aviso Legal, as\u00ed como buenas costumbres morales. Para ese prop\u00f3sito, el usuario debe abstenerse de usar la p\u00e1gina para prop\u00f3sitos prohibidos y\/o ilegales, que hagan da\u00f1o a los derechos o intereses de terceras personas o que en cualquier manera puedan da\u00f1ar, deshabilitar, sobrecargar, deteriorr o prevenir el uso normal de un ordenador, ficheros, documentos o cualquier tipo de contenido almacenado en el equipamiento computacional del proveedor. En particular y por indicaciones (aunque no exhaustivas), el usuario se compromete a no transmitir, disseminar o hacer p\u00fablica a terceras personas la infrmaci\u00f3n, data, contenido, mensajes, graficos, dbujos, sonidos o imagenes, ficheros, grabaciones, software y, en general, cualquier tipo de material que: viole o degenere los derechos humanos basicos y las libertades constitucionalmente reconocidas, en tratados internacionales y otras regulaciones vigenes; induzca, incite o promueva morales y\/o acciones criminales, denigrantes, difamatorias, violentas o, en general, contrarias a la ley; induzca, incite o promueva acciones, actitues o pensamientos discriminatiorios basados en el sexo, raza, religi\u00f3n, creencias, edad o condici\u00f3n; sea contrario al derecho de honor, privacidad personal y familiar; perjudique de alguna manera la credibilidad del proveedor o de terceras personas; o constituya una propaganda ilegal o incierta.<\/span><\/p>\n<p><span><\/span><\/p>\n<h2>3.- EXCLUSI\u00d3N DE GARANT\u00cdAS Y RESPONSABILIDAD<\/h2>\n<p><span>El proveedor renuncia a cualquier responsabilidad que surja de la informaci\u00f3n publicada en nuestra web, siempre que haya sido manipulada o subida por una tercera persona. La web ha sido criticada y probada para su correcto funcionamiento. En principio, la operatividad de la misma est\u00e1 garantizada 365 (o 366) d\u00edas al a\u00f1o, 24 horas al d\u00eda. De todas formas, el proveedor no controla la posibilidad de que hayan algunos errores de programaci\u00f3n, as\u00ed como las causas de fuerza mayor, desastres naturales o circunstancias similares que puedan impedir el acceso a la web correctamente. HomeBase Spain no garantiza ni se hace ressponsable, en cualquier caso, de los da\u00f1os que haya podido causar una falta de servicio, mantenimiento o operaci\u00f3n de la web y sus contenidos; existencia de virus o contenido malicioso; el uso il\u00edcito o fraudulento de este Aviso Legal y sus condiciones de uso. El proveedor no es responsable bajo ningunas circunstancias de los da\u00f1os que puedan acaecer a ra\u00edz del uso impropio o ilegal de esta web.<\/span><\/p>\n<p><span><\/span><\/p>\n<h2>4.- COOKIES<\/h2>\n<p>La web del proveedor puede usar Cookies (peque\u00f1os ficheros con informaci\u00f3n que el servidor env\u00eda al dispositivo de la persona la cual accede a la web) para realizar ciertas funciones que sean consideradas esenciale para el correcto funcionamiento y vista del sitio web. Las cookies se usan temporal o permanentemente con el \u00fanico prop\u00f3sito de hacer que la b\u00fasqueda sea m\u00e1s eficiente. En ning\u00fan caso van a ser usadas para recopilar datos personales. Para m\u00e1s informaci\u00f3n leed nuestra Pol\u00edtica de Cookies.<\/p>\n<p><span><\/span><\/p>\n<h2>5.- LINKS<\/h2>\n<p><span>Desde la web puede que vayas redirigido a contenido de terceras personas. Como no podemos controlar los contenidos de terceras personas que pasen por la web, HomeBase Spain no asumimos la responsabilidad de ninguno de ellos. En cualquiera de los casos, los proveedores proceder\u00e1n a la inmediata retirada de cualquier contenido que contradiga la legislaci\u00f3n (Nacional o Internacional), moral o orden p\u00fablico, procediendo inmediatamente a la retirada de los v\u00ednculo que dirige hacia esas webs, informando a las respectivas autoridades sobre el contenido en cuesti\u00f3n. El proveedor no se hace responsable de la informaci\u00f3n guardada de manera enunciativa y no limitada como puedan ser forums, chats, blogs generadores, comentarios y\/o redes sociales de terceros que publiquen nuestro contenido, independientemente de quienes sean. De todas formas y cumpliendo los art\u00edculos 11 y 16 del LSSICE, el proveedor debe estar disponible para los usuarios, fuerzas de seguridad y autoridades, colaborando activamente en la retirada o, cuando sea necesario, bloqueada de todos los contenidos que puedan afectar o contradecir la legislaci\u00f3n nacional o internacional, los derechos de terceros o la moral del orden publico. En elmomento en que el usuario crea que puede haber algo susceptible a esta clasificaci\u00f3n que se comunique con el administrador de la web inmediatamente.<\/span><\/p>\n<p><span><\/span><\/p>\n<h2>6.- PROTECCI\u00d3N DE LOS DATOS PERSONALES<\/h2>\n<p>El proveedor est\u00e1 totalmente comprometido a recopilar la informaci\u00f3n personal con la vigente regulaci\u00f3n de los datos personales y garantiza cumplir con las obligaciones que esta provee, as\u00ed como la implementaci\u00f3n de medidas de seguridad que la European Data Protection Regulation y las leyes espa\u00f1olas sobre la\u00a0 protecci\u00f3n de datos nos otorgan. Para m\u00e1s informaci\u00f3n visita el apartado de Pol\u00edtica de Privacidad.<\/p>\n<h2>7. REDES SOCIALES<\/h2>\n<p><span>Infomamos que HomeBase Spain puede estar presente en redes sociales. El tratado de los datos que los usuarios incluyen [seguir l proveedor en las redes sociales (y\/o vinculando alguna acci\u00f3n a trav\u00e9s de ellas)] ser\u00e1 tratado en esta secci\u00f3n, as\u00ed como las condiciones de uso, pol\u00edticas de privacidad y regulaci\u00f3n de acceso y uso de las mismas, previamente acordado poe le usuario. HomeBase Spain recoger\u00e1 tus datos con fin de informarte de actividades, productos o servicios del proveedor a trav\u00e9s de las redes sociales, as\u00ed como por cualquier otro prop\u00f3sito que las regulaciones de Redes Sociales permitan, pero sin ser responsables de sus pol\u00edticas de privacidad. La publicaci\u00f3n de concursos queda terminantemente prohibida: este tipo de usos est\u00e1n prohibidos por las regulaciones nacionales, comunitarias o internacionales o aquellos que hagan actividades que sean abiertamente ilegales o contradigan los principios e la buena fe; los que violen los derechos fundamentales de la gente, en que predomine la falta de cortes\u00eda en la red, molesten o puedan generar opiniones negativas en los usuarios o terceras personas en general. Generalizando, todo aquello que contradiga los principios de la legalidad, honestidad, responsabilidad, protecci\u00f3n de la dignidad humana, la protecci\u00f3n de menores, protecci\u00f3n del orden p\u00fablico, protecci\u00f3n de la vida privada, protecci\u00f3n del consumidor as\u00ed como las la protecci\u00f3n de la vida privada y los derechos de industria del consumidor. As\u00ed pues, HomeBase Spain merece el derecho a retirar, sin notificar previamente al usuario ni avisar por la web, los contenidos que sean considerados como inapropiados.<\/span><\/p>\n<p><span><\/span><\/p>\n<h2>8.- PROPIEDAD INTELECTUAL E INDUSTRIAL<\/h2>\n<p><span>La web, incluyendo el t\u00edtulo ilimitado pero no limitada solo a programaci\u00f3n, edici\u00f3n y otros elemento igualmente necesarios (como pueden ser logos, dise\u00f1os, fotos, textos, etc.) es posesi\u00f3n del prestamista o, en caso de que sea necesario, cuenta con la licencia y autorizaci\u00f3n de los autores. Todos los contenidos de esta web est\u00e1n protegidos por la regulaci\u00f3n de la propiedad intelectual e industrial. Sin tener en cuenta el fin por el que fueron creadas, la reproducci\u00f3n parcial o total de las mismas, as\u00ed como su uso y distribuci\u00f3n, requieren autorizaci\u00f3n escrita del proveedor. Cualquiera que no est\u00e9 autorizada previamente por el proveedor se considerar\u00e1 una brecha de los derechos de la propiedad intelectual e industrial del autor. Los dise\u00f1os, logos, textos, im\u00e1genes y\/o gr\u00e1ficos que puedan aparecer en la web pertenecen a sus respectivos creadores, siendo elloos mismos los que se hagan responsables de cualquier posible controversia que pueda suceder accediendo a ello. En cualquier caso, el proveedor deber\u00e1 expresar la autorizaci\u00f3n de antemano. El porveedor reconoce a favor de sus due\u00f1os los correspondientes derechos de la propiedad intelectual e industrial, sin implicar esta una menci\u00f3n o aparici\u00f3n en la web, la existencia de derechos o de cualuquier responsabilidad del proveedor sobre ellos. Para hacer cualquier tipo de observaci\u00f3n indiferentemente de las posibles brechas de los derechos de propiedad intelectual e industrial, as\u00ed como de algunos contenidos de la web, pueden contactarnos en el e-mail que encontrar\u00e1n en la web.<\/span><\/p>\n<p><span><\/span><\/p>\n<h2>9.- LEYES Y JURISDICCI\u00d3N APLICABLES<\/h2>\n<p>Para la resoluci\u00f3n de disputas o problemas relacionados a esta web o a las actividades que esta desarolla, se aplicar\u00e1 la legislaci\u00f3n espa\u00f1ola, a las que las entidades han accedido, siendo competentes para la resoluci\u00f3n de conflictos derivados o conflictos relacionados con el uso de la misma en los Tribunales y las Cortes de Barcelona.<\/p>\n<p>[\/et_pb_text][\/et_pb_column][\/et_pb_row][\/et_pb_section]<\/p>\n","protected":false},"excerpt":{"rendered":"<p>[et_pb_section fb_built=\u00bb1&#8243; fullwidth=\u00bbon\u00bb _builder_version=\u00bb4.0.6&#8243; background_image=\u00bbhttps:\/\/www.homebasespain.com\/wp-content\/uploads\/2019\/11\/travel-landscape-19.jpg\u00bb][et_pb_fullwidth_header title=\u00bb@ET-DC@eyJkeW5hbWljIjp0cnVlLCJjb250ZW50IjoicG9zdF90aXRsZSIsInNldHRpbmdzIjp7ImJlZm9yZSI6IiIsImFmdGVyIjoiIn19@\u00bb subhead=\u00bbHomebase Spain\u00bb _builder_version=\u00bb4.0.6&#8243; _dynamic_attributes=\u00bbtitle\u00bb title_font=\u00bb|600|||||||\u00bb title_font_size=\u00bb40px\u00bb subhead_font=\u00bb||||||||\u00bb subhead_font_size=\u00bb20px\u00bb background_enable_color=\u00bboff\u00bb custom_padding=\u00bb100px||100px||true|false\u00bb][\/et_pb_fullwidth_header][\/et_pb_section][et_pb_section fb_built=\u00bb1&#8243; _builder_version=\u00bb4.0.6&#8243;][et_pb_row _builder_version=\u00bb4.0.6&#8243;][et_pb_column type=\u00bb4_4&#8243; _builder_version=\u00bb4.0.6&#8243;][et_pb_text _builder_version=\u00bb4.4.8&#8243; hover_enabled=\u00bb0&#8243;] AVISO LEGAL Y CONDICIONES DE USO DEL PORTAL Para cumplir con el articulo 10 de la ley 34\/2002 de los Servicios de la Informaci\u00f3n, la Sociedad de la infomaci\u00f3n y el Comercio [&hellip;]<\/p>\n","protected":false},"author":2,"featured_media":0,"parent":0,"menu_order":150,"comment_status":"closed","ping_status":"closed","template":"","meta":{"_et_pb_use_builder":"on","_et_pb_old_content":"","_et_gb_content_width":""},"yoast_head":"<!-- This site is optimized with the Yoast SEO plugin v18.2 - https:\/\/yoast.com\/wordpress\/plugins\/seo\/ -->\n<title>Aviso legal | Homebase Spain<\/title>\n<meta name=\"robots\" content=\"noindex, nofollow\" \/>\n<meta property=\"og:locale\" content=\"es_ES\" \/>\n<meta property=\"og:type\" content=\"article\" \/>\n<meta property=\"og:title\" content=\"Aviso legal | Homebase Spain\" \/>\n<meta property=\"og:description\" content=\"[et_pb_section fb_built=\u00bb1&#8243; fullwidth=\u00bbon\u00bb _builder_version=\u00bb4.0.6&#8243; background_image=\u00bbhttps:\/\/www.homebasespain.com\/wp-content\/uploads\/2019\/11\/travel-landscape-19.jpg\u00bb][et_pb_fullwidth_header title=\u00bb@ET-DC@eyJkeW5hbWljIjp0cnVlLCJjb250ZW50IjoicG9zdF90aXRsZSIsInNldHRpbmdzIjp7ImJlZm9yZSI6IiIsImFmdGVyIjoiIn19@\u00bb subhead=\u00bbHomebase Spain\u00bb _builder_version=\u00bb4.0.6&#8243; _dynamic_attributes=\u00bbtitle\u00bb title_font=\u00bb|600|||||||\u00bb title_font_size=\u00bb40px\u00bb subhead_font=\u00bb||||||||\u00bb subhead_font_size=\u00bb20px\u00bb background_enable_color=\u00bboff\u00bb custom_padding=\u00bb100px||100px||true|false\u00bb][\/et_pb_fullwidth_header][\/et_pb_section][et_pb_section fb_built=\u00bb1&#8243; _builder_version=\u00bb4.0.6&#8243;][et_pb_row _builder_version=\u00bb4.0.6&#8243;][et_pb_column type=\u00bb4_4&#8243; _builder_version=\u00bb4.0.6&#8243;][et_pb_text _builder_version=\u00bb4.4.8&#8243; hover_enabled=\u00bb0&#8243;] AVISO LEGAL Y CONDICIONES DE USO DEL PORTAL Para cumplir con el articulo 10 de la ley 34\/2002 de los Servicios de la Informaci\u00f3n, la Sociedad de la infomaci\u00f3n y el Comercio [&hellip;]\" \/>\n<meta property=\"og:url\" content=\"https:\/\/www.homebasespain.com\/es\/aviso-legal\/\" \/>\n<meta property=\"og:site_name\" content=\"Homebase Spain\" \/>\n<meta property=\"article:modified_time\" content=\"2020-06-08T09:10:06+00:00\" \/>\n<meta name=\"twitter:card\" content=\"summary_large_image\" \/>\n<meta name=\"twitter:label1\" content=\"Tiempo de lectura\" \/>\n\t<meta name=\"twitter:data1\" content=\"10 minutos\" \/>\n<script type=\"application\/ld+json\" class=\"yoast-schema-graph\">{\"@context\":\"https:\/\/schema.org\",\"@graph\":[{\"@type\":\"Organization\",\"@id\":\"https:\/\/www.homebasespain.com\/#organization\",\"name\":\"Home Base Spain\",\"url\":\"https:\/\/www.homebasespain.com\/\",\"sameAs\":[],\"logo\":{\"@type\":\"ImageObject\",\"@id\":\"https:\/\/www.homebasespain.com\/#logo\",\"inLanguage\":\"es\",\"url\":\"https:\/\/www.homebasespain.com\/wp-content\/uploads\/2020\/02\/Logo-HomeBaseSpain-BlackWEB.jpg\",\"contentUrl\":\"https:\/\/www.homebasespain.com\/wp-content\/uploads\/2020\/02\/Logo-HomeBaseSpain-BlackWEB.jpg\",\"width\":1080,\"height\":1080,\"caption\":\"Home Base Spain\"},\"image\":{\"@id\":\"https:\/\/www.homebasespain.com\/#logo\"}},{\"@type\":\"WebSite\",\"@id\":\"https:\/\/www.homebasespain.com\/#website\",\"url\":\"https:\/\/www.homebasespain.com\/\",\"name\":\"Homebase Spain\",\"description\":\"Expertos en inmuebles con car\u00e1cter e inversi\u00f3n en propiedades en Catalu\u00f1a.\",\"publisher\":{\"@id\":\"https:\/\/www.homebasespain.com\/#organization\"},\"potentialAction\":[{\"@type\":\"SearchAction\",\"target\":{\"@type\":\"EntryPoint\",\"urlTemplate\":\"https:\/\/www.homebasespain.com\/?s={search_term_string}\"},\"query-input\":\"required name=search_term_string\"}],\"inLanguage\":\"es\"},{\"@type\":\"WebPage\",\"@id\":\"https:\/\/www.homebasespain.com\/es\/aviso-legal\/#webpage\",\"url\":\"https:\/\/www.homebasespain.com\/es\/aviso-legal\/\",\"name\":\"Aviso legal | Homebase Spain\",\"isPartOf\":{\"@id\":\"https:\/\/www.homebasespain.com\/#website\"},\"datePublished\":\"2020-02-13T07:43:49+00:00\",\"dateModified\":\"2020-06-08T09:10:06+00:00\",\"breadcrumb\":{\"@id\":\"https:\/\/www.homebasespain.com\/es\/aviso-legal\/#breadcrumb\"},\"inLanguage\":\"es\",\"potentialAction\":[{\"@type\":\"ReadAction\",\"target\":[\"https:\/\/www.homebasespain.com\/es\/aviso-legal\/\"]}]},{\"@type\":\"BreadcrumbList\",\"@id\":\"https:\/\/www.homebasespain.com\/es\/aviso-legal\/#breadcrumb\",\"itemListElement\":[{\"@type\":\"ListItem\",\"position\":1,\"name\":\"Home\",\"item\":\"https:\/\/www.homebasespain.com\/es\/\"},{\"@type\":\"ListItem\",\"position\":2,\"name\":\"Aviso legal\"}]}]}<\/script>\n<!-- \/ Yoast SEO plugin. -->","yoast_head_json":{"title":"Aviso legal | Homebase Spain","robots":{"index":"noindex","follow":"nofollow"},"og_locale":"es_ES","og_type":"article","og_title":"Aviso legal | Homebase Spain","og_description":"[et_pb_section fb_built=\u00bb1&#8243; fullwidth=\u00bbon\u00bb _builder_version=\u00bb4.0.6&#8243; background_image=\u00bbhttps:\/\/www.homebasespain.com\/wp-content\/uploads\/2019\/11\/travel-landscape-19.jpg\u00bb][et_pb_fullwidth_header title=\u00bb@ET-DC@eyJkeW5hbWljIjp0cnVlLCJjb250ZW50IjoicG9zdF90aXRsZSIsInNldHRpbmdzIjp7ImJlZm9yZSI6IiIsImFmdGVyIjoiIn19@\u00bb subhead=\u00bbHomebase Spain\u00bb _builder_version=\u00bb4.0.6&#8243; _dynamic_attributes=\u00bbtitle\u00bb title_font=\u00bb|600|||||||\u00bb title_font_size=\u00bb40px\u00bb subhead_font=\u00bb||||||||\u00bb subhead_font_size=\u00bb20px\u00bb background_enable_color=\u00bboff\u00bb custom_padding=\u00bb100px||100px||true|false\u00bb][\/et_pb_fullwidth_header][\/et_pb_section][et_pb_section fb_built=\u00bb1&#8243; _builder_version=\u00bb4.0.6&#8243;][et_pb_row _builder_version=\u00bb4.0.6&#8243;][et_pb_column type=\u00bb4_4&#8243; _builder_version=\u00bb4.0.6&#8243;][et_pb_text _builder_version=\u00bb4.4.8&#8243; hover_enabled=\u00bb0&#8243;] AVISO LEGAL Y CONDICIONES DE USO DEL PORTAL Para cumplir con el articulo 10 de la ley 34\/2002 de los Servicios de la Informaci\u00f3n, la Sociedad de la infomaci\u00f3n y el Comercio [&hellip;]","og_url":"https:\/\/www.homebasespain.com\/es\/aviso-legal\/","og_site_name":"Homebase Spain","article_modified_time":"2020-06-08T09:10:06+00:00","twitter_card":"summary_large_image","twitter_misc":{"Tiempo de lectura":"10 minutos"},"schema":{"@context":"https:\/\/schema.org","@graph":[{"@type":"Organization","@id":"https:\/\/www.homebasespain.com\/#organization","name":"Home Base Spain","url":"https:\/\/www.homebasespain.com\/","sameAs":[],"logo":{"@type":"ImageObject","@id":"https:\/\/www.homebasespain.com\/#logo","inLanguage":"es","url":"https:\/\/www.homebasespain.com\/wp-content\/uploads\/2020\/02\/Logo-HomeBaseSpain-BlackWEB.jpg","contentUrl":"https:\/\/www.homebasespain.com\/wp-content\/uploads\/2020\/02\/Logo-HomeBaseSpain-BlackWEB.jpg","width":1080,"height":1080,"caption":"Home Base Spain"},"image":{"@id":"https:\/\/www.homebasespain.com\/#logo"}},{"@type":"WebSite","@id":"https:\/\/www.homebasespain.com\/#website","url":"https:\/\/www.homebasespain.com\/","name":"Homebase Spain","description":"Expertos en inmuebles con car\u00e1cter e inversi\u00f3n en propiedades en Catalu\u00f1a.","publisher":{"@id":"https:\/\/www.homebasespain.com\/#organization"},"potentialAction":[{"@type":"SearchAction","target":{"@type":"EntryPoint","urlTemplate":"https:\/\/www.homebasespain.com\/?s={search_term_string}"},"query-input":"required name=search_term_string"}],"inLanguage":"es"},{"@type":"WebPage","@id":"https:\/\/www.homebasespain.com\/es\/aviso-legal\/#webpage","url":"https:\/\/www.homebasespain.com\/es\/aviso-legal\/","name":"Aviso legal | Homebase Spain","isPartOf":{"@id":"https:\/\/www.homebasespain.com\/#website"},"datePublished":"2020-02-13T07:43:49+00:00","dateModified":"2020-06-08T09:10:06+00:00","breadcrumb":{"@id":"https:\/\/www.homebasespain.com\/es\/aviso-legal\/#breadcrumb"},"inLanguage":"es","potentialAction":[{"@type":"ReadAction","target":["https:\/\/www.homebasespain.com\/es\/aviso-legal\/"]}]},{"@type":"BreadcrumbList","@id":"https:\/\/www.homebasespain.com\/es\/aviso-legal\/#breadcrumb","itemListElement":[{"@type":"ListItem","position":1,"name":"Home","item":"https:\/\/www.homebasespain.com\/es\/"},{"@type":"ListItem","position":2,"name":"Aviso legal"}]}]}},"_links":{"self":[{"href":"https:\/\/www.homebasespain.com\/es\/wp-json\/wp\/v2\/pages\/2201"}],"collection":[{"href":"https:\/\/www.homebasespain.com\/es\/wp-json\/wp\/v2\/pages"}],"about":[{"href":"https:\/\/www.homebasespain.com\/es\/wp-json\/wp\/v2\/types\/page"}],"author":[{"embeddable":true,"href":"https:\/\/www.homebasespain.com\/es\/wp-json\/wp\/v2\/users\/2"}],"replies":[{"embeddable":true,"href":"https:\/\/www.homebasespain.com\/es\/wp-json\/wp\/v2\/comments?post=2201"}],"version-history":[{"count":0,"href":"https:\/\/www.homebasespain.com\/es\/wp-json\/wp\/v2\/pages\/2201\/revisions"}],"wp:attachment":[{"href":"https:\/\/www.homebasespain.com\/es\/wp-json\/wp\/v2\/media?parent=2201"}],"curies":[{"name":"wp","href":"https:\/\/api.w.org\/{rel}","templated":true}]}}