{"id":2187,"date":"2020-02-12T17:24:33","date_gmt":"2020-02-12T17:24:33","guid":{"rendered":"https:\/\/www.homebasespain.com\/?page_id=2187"},"modified":"2020-10-23T10:05:54","modified_gmt":"2020-10-23T10:05:54","slug":"vender-propiedad","status":"publish","type":"page","link":"https:\/\/www.homebasespain.com\/es\/vender-propiedad\/","title":{"rendered":"Vender"},"content":{"rendered":"\n[et_pb_section fb_built=\u00bb1&#8243; fullwidth=\u00bbon\u00bb _builder_version=\u00bb4.0.6&#8243; background_color=\u00bbrgba(0,0,0,0.25)\u00bb background_image=\u00bbhttps:\/\/www.homebasespain.com\/wp-content\/uploads\/2019\/12\/Carrer_Major_5_Saifores_Paquete_de_25_fotos_2_20191004-145037.jpg\u00bb background_blend=\u00bbmultiply\u00bb][et_pb_fullwidth_header title=\u00bb@ET-DC@eyJkeW5hbWljIjp0cnVlLCJjb250ZW50IjoicG9zdF90aXRsZSIsInNldHRpbmdzIjp7ImJlZm9yZSI6IiIsImFmdGVyIjoiIn19@\u00bb subhead=\u00bbHomebase Spain\u00bb _builder_version=\u00bb4.0.6&#8243; _dynamic_attributes=\u00bbtitle\u00bb title_font=\u00bb|600|||||||\u00bb title_text_align=\u00bbleft\u00bb title_font_size=\u00bb40px\u00bb subhead_font=\u00bb||||||||\u00bb subhead_text_align=\u00bbleft\u00bb subhead_font_size=\u00bb20px\u00bb background_enable_color=\u00bboff\u00bb custom_padding=\u00bb40px||40px||true|false\u00bb title_text_align_tablet=\u00bbcenter\u00bb title_text_align_phone=\u00bb\u00bb title_text_align_last_edited=\u00bbon|phone\u00bb subhead_text_align_tablet=\u00bbcenter\u00bb subhead_text_align_phone=\u00bb\u00bb subhead_text_align_last_edited=\u00bbon|phone\u00bb][\/et_pb_fullwidth_header][\/et_pb_section][et_pb_section fb_built=\u00bb1&#8243; _builder_version=\u00bb4.0.6&#8243; custom_margin=\u00bb30px||||false|false\u00bb custom_padding=\u00bb0px||||false|false\u00bb border_width_bottom=\u00bb4px\u00bb border_color_bottom=\u00bb#a48a7b\u00bb][et_pb_row column_structure=\u00bb1_2,1_2&#8243; use_custom_gutter=\u00bbon\u00bb gutter_width=\u00bb2&#8243; _builder_version=\u00bb4.0.6&#8243; custom_padding=\u00bb||0px||false|false\u00bb][et_pb_column type=\u00bb1_2&#8243; _builder_version=\u00bb4.0.6&#8243; custom_padding_tablet=\u00bb\u00bb custom_padding_phone=\u00bb||0px||false|false\u00bb custom_padding_last_edited=\u00bbon|phone\u00bb][et_pb_text _builder_version=\u00bb4.4.1&#8243; header_2_font=\u00bb|600|||||||\u00bb header_2_line_height=\u00bb1.1em\u00bb header_3_line_height=\u00bb1.3em\u00bb custom_margin=\u00bb||0px||false|false\u00bb]<blockquote>\n<h2 class=\"western\"><span color=\"#333333\" style=\"color: #333333;\"><span face=\"Open Sans, Arial, sans-serif\" style=\"font-family: 'Open Sans', Arial, sans-serif;\"><span size=\"5\" style=\"font-size: x-large;\">Un fuerte mercado nacional e internacional con un gran sercicio para elevar el nivel de tu propiedad como clave para venderla a potenciales clientes.<\/span><\/span><\/span><\/h2>\n<\/blockquote>[\/et_pb_text][et_pb_text _builder_version=\u00bb4.3.2&#8243; text_orientation=\u00bbjustified\u00bb custom_margin=\u00bb||0px||false|false\u00bb custom_margin_tablet=\u00bb\u00bb custom_margin_phone=\u00bb||-30px||false|false\u00bb custom_margin_last_edited=\u00bbon|phone\u00bb custom_padding=\u00bb||0px||false|false\u00bb]<p align=\"justify\"><span color=\"#666666\" style=\"color: #666666;\"><span face=\"Open Sans, Arial, sans-serif\" style=\"font-family: 'Open Sans', Arial, sans-serif;\"><span size=\"3\" style=\"font-size: medium;\">Nuestro equipo de agentes poliglotas te guiar\u00e1n durante todo el proceso de venta. Nos aseguraremos de que tu propiedad sobresale por encima de las otras y atrae a los clientes adecuados para vender al mejor precio de mercado. Para eso, ajustaremos el marketing para que se ajuste a tu propiedad y a sus caracter\u00edsticas unicas.<\/span><\/span><\/span><\/p>\n<p align=\"justify\"><span style=\"font-size: medium;\"><strong><span color=\"#666666\" style=\"color: #666666;\"><span face=\"Open Sans, Arial, sans-serif\" style=\"font-family: 'Open Sans', Arial, sans-serif;\"><span size=\"3\">Los pasos basicos incluyen:<\/span><\/span><\/span><\/strong><\/span><\/p>\n<ul>\n<li align=\"justify\"><span color=\"#666666\" style=\"color: #666666;\"><span face=\"Open Sans, Arial, sans-serif\" style=\"font-family: 'Open Sans', Arial, sans-serif;\"><span size=\"3\" style=\"font-size: medium;\">Establecer un precio de mercado justo, basado en el mercado actual.<\/span><\/span><\/span><\/li>\n<li align=\"justify\"><span color=\"#666666\" style=\"color: #666666;\"><span face=\"Open Sans, Arial, sans-serif\" style=\"font-family: 'Open Sans', Arial, sans-serif;\"><span size=\"3\" style=\"font-size: medium;\">Asegurar la documentaci\u00f3n necesaria.<\/span><\/span><\/span><\/li>\n<li align=\"justify\"><span color=\"#666666\" style=\"color: #666666;\"><span face=\"Open Sans, Arial, sans-serif\" style=\"font-family: 'Open Sans', Arial, sans-serif;\"><span size=\"3\" style=\"font-size: medium;\">Consejos sobre como prepararse para un proceso de venta fluido, incluyendo todos los aspectos legales o peque\u00f1as correcciones que puedan ser un factor clave a la hora de venderla al precio justo.<\/span><\/span><\/span><\/li>\n<li align=\"justify\"><span color=\"#666666\" style=\"color: #666666;\"><span face=\"Open Sans, Arial, sans-serif\" style=\"font-family: 'Open Sans', Arial, sans-serif;\"><span size=\"3\" style=\"font-size: medium;\">Llevaremos as riendas y te ayudaremos a prepararte para futuras visitas.<\/span><\/span><\/span><\/li>\n<li align=\"justify\"><span color=\"#666666\" style=\"color: #666666;\"><span face=\"Open Sans, Arial, sans-serif\" style=\"font-family: 'Open Sans', Arial, sans-serif;\"><span size=\"3\" style=\"font-size: medium;\">Documentaci\u00f3n visual. Una imagen dice m\u00e1s que 1000 palabras. Ponemos mucho \u00e9nfasis en la presentaci\u00f3n visual del inmueble, colaborando con los mejores fotografos internacionales, usando tecnicas modernas y un estilo de edici\u00f3n unico. Las fotos se usan en combinaci\u00f3n con un tour visual, incluyendo fotos a vista de pajaro cuando sea necesario para crear un buen album de presentaci\u00f3n para tu propiedad.<\/span><\/span><\/span><\/li>\n<li align=\"justify\"><span color=\"#666666\" style=\"color: #666666;\"><span face=\"Open Sans, Arial, sans-serif\" style=\"font-family: 'Open Sans', Arial, sans-serif;\"><span size=\"3\" style=\"font-size: medium;\">Definir y ejecutar el plan de marketing.<\/span><\/span><\/span><\/li>\n<li align=\"justify\"><span color=\"#666666\" style=\"color: #666666;\"><span face=\"Open Sans, Arial, sans-serif\" style=\"font-family: 'Open Sans', Arial, sans-serif;\"><span size=\"3\" style=\"font-size: medium;\">Respuesta inmediata a clientes potenciaes sin tener en cuenta horarios de oficina, fines de semana y\/o festivos. Organizaremos visitas que se ajusten a cliente, aunque sea en Domingo o muy por la tarde.<\/span><\/span><\/span><\/li>\n<li align=\"justify\"><span color=\"#666666\" style=\"color: #666666;\"><span face=\"Open Sans, Arial, sans-serif\" style=\"font-family: 'Open Sans', Arial, sans-serif;\"><span size=\"3\" style=\"font-size: medium;\">Seguimiento y asistencia a los potenciales compradores durante todo el proceso, comunicandonos en su idioma, explicandoles el proceso de compra, ense\u00f1andoles el area adyacente, traduciendo documentos y dandoles accesos a nuestros promotores legales as\u00ed como a otros servicios que puedan solicitar. Sabemos que un alto nivel de servicio ayudar\u00e1 a los poteniales compradores a asegurar una compra r\u00e1pida, facil y al mejor precio.<\/span><\/span><\/span><\/li>\n<li align=\"justify\"><span color=\"#666666\" style=\"color: #666666;\"><span face=\"Open Sans, Arial, sans-serif\" style=\"font-family: 'Open Sans', Arial, sans-serif;\"><span size=\"3\" style=\"font-size: medium;\">Asistencia y ayuda durante todo el proceso de compra-venta.<\/span><\/span><\/span><\/li>\n<\/ul>[\/et_pb_text][\/et_pb_column][et_pb_column type=\u00bb1_2&#8243; _builder_version=\u00bb4.0.6&#8243; custom_padding=\u00bb25px||||false|false\u00bb custom_padding_tablet=\u00bb21px||||false|false\u00bb custom_padding_phone=\u00bb0px||||false|false\u00bb custom_padding_last_edited=\u00bbon|phone\u00bb][et_pb_image src=\u00bbhttps:\/\/www.homebasespain.com\/wp-content\/uploads\/2019\/12\/IMG_1344.WEB_.jpg\u00bb force_fullwidth=\u00bbon\u00bb _builder_version=\u00bb4.0.6&#8243;][\/et_pb_image][et_pb_image src=\u00bbhttps:\/\/www.homebasespain.com\/wp-content\/uploads\/2019\/12\/Carrer_Major_5_Saifores_Paquete_de_25_fotos_20_20191004-145215.jpg\u00bb force_fullwidth=\u00bbon\u00bb _builder_version=\u00bb4.0.6&#8243; custom_padding=\u00bb20px||||false|false\u00bb][\/et_pb_image][\/et_pb_column][\/et_pb_row][et_pb_row _builder_version=\u00bb4.0.6&#8243; custom_padding=\u00bb0px||55px||false|false\u00bb][et_pb_column type=\u00bb4_4&#8243; _builder_version=\u00bb4.0.6&#8243;][et_pb_button button_url=\u00bbhttps:\/\/www.homebasespain.com\/es\/contacta\/\u00bb button_text=\u00bbContactanos\u00bb button_alignment_tablet=\u00bbcenter\u00bb button_alignment_phone=\u00bbcenter\u00bb button_alignment_last_edited=\u00bbon|desktop\u00bb _builder_version=\u00bb4.4.1&#8243;][\/et_pb_button][\/et_pb_column][\/et_pb_row][et_pb_row use_custom_gutter=\u00bbon\u00bb gutter_width=\u00bb2&#8243; _builder_version=\u00bb4.4.7&#8243; background_color=\u00bb#a48a7b\u00bb background_image=\u00bbhttps:\/\/www.homebasespain.com\/wp-content\/uploads\/2019\/12\/geometic-bg-white.jpg\u00bb background_blend=\u00bbmultiply\u00bb custom_margin=\u00bb40px||||false|false\u00bb custom_padding=\u00bb|25px||25px|false|true\u00bb locked=\u00bboff\u00bb][et_pb_column type=\u00bb4_4&#8243; _builder_version=\u00bb4.0.6&#8243;][et_pb_text _builder_version=\u00bb4.4.7&#8243; header_font=\u00bb||||||||\u00bb header_3_font=\u00bb|600|||||||\u00bb header_3_text_align=\u00bbcenter\u00bb header_3_font_size=\u00bb25px\u00bb text_orientation=\u00bbcenter\u00bb background_layout=\u00bbdark\u00bb custom_margin=\u00bb||0px||false|false\u00bb hover_enabled=\u00bb0&#8243; header_3_text_align_tablet=\u00bbcenter\u00bb header_3_text_align_phone=\u00bb\u00bb header_3_text_align_last_edited=\u00bbon|desktop\u00bb text_orientation_last_edited=\u00bboff|desktop\u00bb]<h3>Kristin Ehrenborg<\/h3>\n<p><em>CEO &amp; Fundador<\/em><\/p>\n[\/et_pb_text][et_pb_divider color=\u00bb#ffffff\u00bb divider_weight=\u00bb3px\u00bb _builder_version=\u00bb4.4.7&#8243; width=\u00bb6%\u00bb module_alignment=\u00bbcenter\u00bb custom_margin=\u00bb||0px||false|false\u00bb custom_padding=\u00bb15px||||false|false\u00bb module_alignment_tablet=\u00bbcenter\u00bb module_alignment_phone=\u00bbcenter\u00bb module_alignment_last_edited=\u00bbon|phone\u00bb][\/et_pb_divider][et_pb_text _builder_version=\u00bb4.4.7&#8243; text_font_size=\u00bb18px\u00bb header_font=\u00bb||||||||\u00bb header_3_font=\u00bb|600|||||||\u00bb text_orientation=\u00bbcenter\u00bb background_layout=\u00bbdark\u00bb hover_enabled=\u00bb0&#8243; text_orientation_tablet=\u00bbcenter\u00bb text_orientation_phone=\u00bb\u00bb text_orientation_last_edited=\u00bbon|desktop\u00bb]<p>\u00abCont\u00e1ctenos y hablemos sobre c\u00f3mo mi equipo y yo podemos ayudarle a comprar o vender propiedades en Catalu\u00f1a\u00bb<\/p>\n<p><i class=\"fas fa-phone-volume\"><\/i><span style=\"color: #ffffff;\"><a href=\"tel:+346155589 98\" style=\"color: #ffffff;\">\u00a0+34 615 55 89 98<\/a><\/span><br \/> <i class=\"fas fa-envelope\" aria-hidden=\"true\"><\/i> <span style=\"color: #ffffff;\"><a href=\"mailto:kristin@homebasespain.com\" style=\"color: #ffffff;\">kristin@homebasespain.com<\/a><\/span><\/p>\n[\/et_pb_text][et_pb_social_media_follow icon_color=\u00bb#a48a7b\u00bb use_icon_font_size=\u00bbon\u00bb icon_font_size=\u00bb14px\u00bb _builder_version=\u00bb4.4.7&#8243; text_orientation=\u00bbcenter\u00bb custom_margin=\u00bb||0px||false|false\u00bb text_orientation_tablet=\u00bbcenter\u00bb text_orientation_phone=\u00bb\u00bb text_orientation_last_edited=\u00bbon|desktop\u00bb icon_color__hover_enabled=\u00bbon|hover\u00bb icon_color__hover=\u00bb#ffffff\u00bb][et_pb_social_media_follow_network social_network=\u00bbfacebook\u00bb url=\u00bbhttps:\/\/www.facebook.com\/homebasespain\/\u00bb _builder_version=\u00bb4.0.6&#8243; background_color=\u00bb#ffffff\u00bb background_enable_color=\u00bbon\u00bb background__hover_enabled=\u00bbon|hover\u00bb background_color__hover=\u00bb#0c71c3&#8243; background_enable_color__hover=\u00bbon\u00bb follow_button=\u00bboff\u00bb url_new_window=\u00bbon\u00bb]facebook[\/et_pb_social_media_follow_network][et_pb_social_media_follow_network social_network=\u00bbinstagram\u00bb url=\u00bbhttps:\/\/www.instagram.com\/homebasespain\/\u00bb _builder_version=\u00bb4.0.6&#8243; background_color=\u00bb#ffffff\u00bb background_enable_color=\u00bbon\u00bb background_color__hover=\u00bb#ea2c59&#8243; background_enable_color__hover=\u00bbon\u00bb background__hover_enabled=\u00bbon|hover\u00bb follow_button=\u00bboff\u00bb url_new_window=\u00bbon\u00bb]instagram[\/et_pb_social_media_follow_network][et_pb_social_media_follow_network social_network=\u00bblinkedin\u00bb url=\u00bbhttps:\/\/www.linkedin.com\/in\/kristin-ehrenborg\u00bb _builder_version=\u00bb4.0.6&#8243; background_color=\u00bb#ffffff\u00bb background_enable_color=\u00bbon\u00bb background_color__hover=\u00bb#0e76a8&#8243; background_enable_color__hover=\u00bbon\u00bb background__hover_enabled=\u00bbon|desktop\u00bb follow_button=\u00bboff\u00bb url_new_window=\u00bbon\u00bb]linkedin[\/et_pb_social_media_follow_network][\/et_pb_social_media_follow][\/et_pb_column][\/et_pb_row][\/et_pb_section]\n","protected":false},"excerpt":{"rendered":"","protected":false},"author":2,"featured_media":0,"parent":0,"menu_order":3,"comment_status":"closed","ping_status":"closed","template":"","meta":{"_et_pb_use_builder":"on","_et_pb_old_content":"","_et_gb_content_width":""},"yoast_head":"<!-- This site is optimized with the Yoast SEO plugin v18.2 - https:\/\/yoast.com\/wordpress\/plugins\/seo\/ -->\n<title>Vender | Homebase Spain<\/title>\n<meta name=\"description\" content=\"Un fuerte mercado nacional e internacional con un gran sercicio para elevar el nivel de tu propiedad como clave para venderla a potenciales clientes.\" \/>\n<meta name=\"robots\" content=\"index, follow, max-snippet:-1, max-image-preview:large, max-video-preview:-1\" \/>\n<link rel=\"canonical\" href=\"https:\/\/www.homebasespain.com\/es\/vender-propiedad\/\" \/>\n<meta property=\"og:locale\" content=\"es_ES\" \/>\n<meta property=\"og:type\" content=\"article\" \/>\n<meta property=\"og:title\" content=\"Vender | Homebase Spain\" \/>\n<meta property=\"og:description\" content=\"Un fuerte mercado nacional e internacional con un gran sercicio para elevar el nivel de tu propiedad como clave para venderla a potenciales clientes.\" \/>\n<meta property=\"og:url\" content=\"https:\/\/www.homebasespain.com\/es\/vender-propiedad\/\" \/>\n<meta property=\"og:site_name\" content=\"Homebase Spain\" \/>\n<meta property=\"article:modified_time\" content=\"2020-10-23T10:05:54+00:00\" \/>\n<meta property=\"og:image\" content=\"https:\/\/www.homebasespain.com\/wp-content\/uploads\/2020\/01\/real-estate-spain.jpg\" \/>\n\t<meta property=\"og:image:width\" content=\"800\" \/>\n\t<meta property=\"og:image:height\" content=\"400\" \/>\n\t<meta property=\"og:image:type\" content=\"image\/jpeg\" \/>\n<meta name=\"twitter:card\" content=\"summary_large_image\" \/>\n<meta name=\"twitter:image\" content=\"https:\/\/www.homebasespain.com\/wp-content\/uploads\/2020\/01\/real-estate-spain.jpg\" \/>\n<meta name=\"twitter:label1\" content=\"Tiempo de lectura\" \/>\n\t<meta name=\"twitter:data1\" content=\"6 minutos\" \/>\n<script type=\"application\/ld+json\" class=\"yoast-schema-graph\">{\"@context\":\"https:\/\/schema.org\",\"@graph\":[{\"@type\":\"Organization\",\"@id\":\"https:\/\/www.homebasespain.com\/#organization\",\"name\":\"Home Base Spain\",\"url\":\"https:\/\/www.homebasespain.com\/\",\"sameAs\":[],\"logo\":{\"@type\":\"ImageObject\",\"@id\":\"https:\/\/www.homebasespain.com\/#logo\",\"inLanguage\":\"es\",\"url\":\"https:\/\/www.homebasespain.com\/wp-content\/uploads\/2020\/02\/Logo-HomeBaseSpain-BlackWEB.jpg\",\"contentUrl\":\"https:\/\/www.homebasespain.com\/wp-content\/uploads\/2020\/02\/Logo-HomeBaseSpain-BlackWEB.jpg\",\"width\":1080,\"height\":1080,\"caption\":\"Home Base Spain\"},\"image\":{\"@id\":\"https:\/\/www.homebasespain.com\/#logo\"}},{\"@type\":\"WebSite\",\"@id\":\"https:\/\/www.homebasespain.com\/#website\",\"url\":\"https:\/\/www.homebasespain.com\/\",\"name\":\"Homebase Spain\",\"description\":\"Expertos en inmuebles con car\u00e1cter e inversi\u00f3n en propiedades en Catalu\u00f1a.\",\"publisher\":{\"@id\":\"https:\/\/www.homebasespain.com\/#organization\"},\"potentialAction\":[{\"@type\":\"SearchAction\",\"target\":{\"@type\":\"EntryPoint\",\"urlTemplate\":\"https:\/\/www.homebasespain.com\/?s={search_term_string}\"},\"query-input\":\"required name=search_term_string\"}],\"inLanguage\":\"es\"},{\"@type\":\"ImageObject\",\"@id\":\"https:\/\/www.homebasespain.com\/es\/vender-propiedad\/#primaryimage\",\"inLanguage\":\"es\",\"url\":\"https:\/\/www.homebasespain.com\/wp-content\/uploads\/2020\/01\/real-estate-spain.jpg\",\"contentUrl\":\"https:\/\/www.homebasespain.com\/wp-content\/uploads\/2020\/01\/real-estate-spain.jpg\",\"width\":800,\"height\":400},{\"@type\":\"WebPage\",\"@id\":\"https:\/\/www.homebasespain.com\/es\/vender-propiedad\/#webpage\",\"url\":\"https:\/\/www.homebasespain.com\/es\/vender-propiedad\/\",\"name\":\"Vender | Homebase Spain\",\"isPartOf\":{\"@id\":\"https:\/\/www.homebasespain.com\/#website\"},\"datePublished\":\"2020-02-12T17:24:33+00:00\",\"dateModified\":\"2020-10-23T10:05:54+00:00\",\"description\":\"Un fuerte mercado nacional e internacional con un gran sercicio para elevar el nivel de tu propiedad como clave para venderla a potenciales clientes.\",\"breadcrumb\":{\"@id\":\"https:\/\/www.homebasespain.com\/es\/vender-propiedad\/#breadcrumb\"},\"inLanguage\":\"es\",\"potentialAction\":[{\"@type\":\"ReadAction\",\"target\":[\"https:\/\/www.homebasespain.com\/es\/vender-propiedad\/\"]}]},{\"@type\":\"BreadcrumbList\",\"@id\":\"https:\/\/www.homebasespain.com\/es\/vender-propiedad\/#breadcrumb\",\"itemListElement\":[{\"@type\":\"ListItem\",\"position\":1,\"name\":\"Home\",\"item\":\"https:\/\/www.homebasespain.com\/es\/\"},{\"@type\":\"ListItem\",\"position\":2,\"name\":\"Vender\"}]}]}<\/script>\n<!-- \/ Yoast SEO plugin. -->","yoast_head_json":{"title":"Vender | Homebase Spain","description":"Un fuerte mercado nacional e internacional con un gran sercicio para elevar el nivel de tu propiedad como clave para venderla a potenciales clientes.","robots":{"index":"index","follow":"follow","max-snippet":"max-snippet:-1","max-image-preview":"max-image-preview:large","max-video-preview":"max-video-preview:-1"},"canonical":"https:\/\/www.homebasespain.com\/es\/vender-propiedad\/","og_locale":"es_ES","og_type":"article","og_title":"Vender | Homebase Spain","og_description":"Un fuerte mercado nacional e internacional con un gran sercicio para elevar el nivel de tu propiedad como clave para venderla a potenciales clientes.","og_url":"https:\/\/www.homebasespain.com\/es\/vender-propiedad\/","og_site_name":"Homebase Spain","article_modified_time":"2020-10-23T10:05:54+00:00","og_image":[{"width":800,"height":400,"url":"https:\/\/www.homebasespain.com\/wp-content\/uploads\/2020\/01\/real-estate-spain.jpg","type":"image\/jpeg"}],"twitter_card":"summary_large_image","twitter_image":"https:\/\/www.homebasespain.com\/wp-content\/uploads\/2020\/01\/real-estate-spain.jpg","twitter_misc":{"Tiempo de lectura":"6 minutos"},"schema":{"@context":"https:\/\/schema.org","@graph":[{"@type":"Organization","@id":"https:\/\/www.homebasespain.com\/#organization","name":"Home Base Spain","url":"https:\/\/www.homebasespain.com\/","sameAs":[],"logo":{"@type":"ImageObject","@id":"https:\/\/www.homebasespain.com\/#logo","inLanguage":"es","url":"https:\/\/www.homebasespain.com\/wp-content\/uploads\/2020\/02\/Logo-HomeBaseSpain-BlackWEB.jpg","contentUrl":"https:\/\/www.homebasespain.com\/wp-content\/uploads\/2020\/02\/Logo-HomeBaseSpain-BlackWEB.jpg","width":1080,"height":1080,"caption":"Home Base Spain"},"image":{"@id":"https:\/\/www.homebasespain.com\/#logo"}},{"@type":"WebSite","@id":"https:\/\/www.homebasespain.com\/#website","url":"https:\/\/www.homebasespain.com\/","name":"Homebase Spain","description":"Expertos en inmuebles con car\u00e1cter e inversi\u00f3n en propiedades en Catalu\u00f1a.","publisher":{"@id":"https:\/\/www.homebasespain.com\/#organization"},"potentialAction":[{"@type":"SearchAction","target":{"@type":"EntryPoint","urlTemplate":"https:\/\/www.homebasespain.com\/?s={search_term_string}"},"query-input":"required name=search_term_string"}],"inLanguage":"es"},{"@type":"ImageObject","@id":"https:\/\/www.homebasespain.com\/es\/vender-propiedad\/#primaryimage","inLanguage":"es","url":"https:\/\/www.homebasespain.com\/wp-content\/uploads\/2020\/01\/real-estate-spain.jpg","contentUrl":"https:\/\/www.homebasespain.com\/wp-content\/uploads\/2020\/01\/real-estate-spain.jpg","width":800,"height":400},{"@type":"WebPage","@id":"https:\/\/www.homebasespain.com\/es\/vender-propiedad\/#webpage","url":"https:\/\/www.homebasespain.com\/es\/vender-propiedad\/","name":"Vender | Homebase Spain","isPartOf":{"@id":"https:\/\/www.homebasespain.com\/#website"},"datePublished":"2020-02-12T17:24:33+00:00","dateModified":"2020-10-23T10:05:54+00:00","description":"Un fuerte mercado nacional e internacional con un gran sercicio para elevar el nivel de tu propiedad como clave para venderla a potenciales clientes.","breadcrumb":{"@id":"https:\/\/www.homebasespain.com\/es\/vender-propiedad\/#breadcrumb"},"inLanguage":"es","potentialAction":[{"@type":"ReadAction","target":["https:\/\/www.homebasespain.com\/es\/vender-propiedad\/"]}]},{"@type":"BreadcrumbList","@id":"https:\/\/www.homebasespain.com\/es\/vender-propiedad\/#breadcrumb","itemListElement":[{"@type":"ListItem","position":1,"name":"Home","item":"https:\/\/www.homebasespain.com\/es\/"},{"@type":"ListItem","position":2,"name":"Vender"}]}]}},"_links":{"self":[{"href":"https:\/\/www.homebasespain.com\/es\/wp-json\/wp\/v2\/pages\/2187"}],"collection":[{"href":"https:\/\/www.homebasespain.com\/es\/wp-json\/wp\/v2\/pages"}],"about":[{"href":"https:\/\/www.homebasespain.com\/es\/wp-json\/wp\/v2\/types\/page"}],"author":[{"embeddable":true,"href":"https:\/\/www.homebasespain.com\/es\/wp-json\/wp\/v2\/users\/2"}],"replies":[{"embeddable":true,"href":"https:\/\/www.homebasespain.com\/es\/wp-json\/wp\/v2\/comments?post=2187"}],"version-history":[{"count":0,"href":"https:\/\/www.homebasespain.com\/es\/wp-json\/wp\/v2\/pages\/2187\/revisions"}],"wp:attachment":[{"href":"https:\/\/www.homebasespain.com\/es\/wp-json\/wp\/v2\/media?parent=2187"}],"curies":[{"name":"wp","href":"https:\/\/api.w.org\/{rel}","templated":true}]}}