{"id":2092,"date":"2020-02-11T16:57:11","date_gmt":"2020-02-11T16:57:11","guid":{"rendered":"https:\/\/www.homebasespain.com\/?page_id=2092"},"modified":"2020-10-23T09:09:07","modified_gmt":"2020-10-23T09:09:07","slug":"invierte-propiedad","status":"publish","type":"page","link":"https:\/\/www.homebasespain.com\/es\/invierte-propiedad\/","title":{"rendered":"Compra e Invierte"},"content":{"rendered":"\n[et_pb_section fb_built=\u00bb1&#8243; fullwidth=\u00bbon\u00bb _builder_version=\u00bb4.0.6&#8243; background_color=\u00bbrgba(0,0,0,0.25)\u00bb background_image=\u00bbhttps:\/\/www.homebasespain.com\/wp-content\/uploads\/2019\/12\/Carrer_Major_5_Saifores_Paquete_de_25_fotos_2_20191004-145037.jpg\u00bb background_blend=\u00bbmultiply\u00bb][et_pb_fullwidth_header title=\u00bb@ET-DC@eyJkeW5hbWljIjp0cnVlLCJjb250ZW50IjoicG9zdF90aXRsZSIsInNldHRpbmdzIjp7ImJlZm9yZSI6IiIsImFmdGVyIjoiIn19@\u00bb subhead=\u00bbHomebase Spain\u00bb _builder_version=\u00bb4.0.6&#8243; _dynamic_attributes=\u00bbtitle\u00bb title_font=\u00bb|600|||||||\u00bb title_text_align=\u00bbleft\u00bb title_font_size=\u00bb40px\u00bb subhead_font=\u00bb||||||||\u00bb subhead_text_align=\u00bbleft\u00bb subhead_font_size=\u00bb20px\u00bb background_enable_color=\u00bboff\u00bb custom_padding=\u00bb40px||40px||true|false\u00bb title_text_align_tablet=\u00bbcenter\u00bb title_text_align_phone=\u00bb\u00bb title_text_align_last_edited=\u00bbon|phone\u00bb subhead_text_align_tablet=\u00bbcenter\u00bb subhead_text_align_phone=\u00bb\u00bb subhead_text_align_last_edited=\u00bbon|phone\u00bb][\/et_pb_fullwidth_header][\/et_pb_section][et_pb_section fb_built=\u00bb1&#8243; _builder_version=\u00bb4.0.6&#8243; custom_margin=\u00bb30px||||false|false\u00bb custom_padding=\u00bb0px||||false|false\u00bb border_width_bottom=\u00bb4px\u00bb border_color_bottom=\u00bb#a48a7b\u00bb][et_pb_row column_structure=\u00bb1_2,1_2&#8243; use_custom_gutter=\u00bbon\u00bb gutter_width=\u00bb2&#8243; _builder_version=\u00bb4.0.6&#8243;][et_pb_column type=\u00bb1_2&#8243; _builder_version=\u00bb4.0.6&#8243; custom_padding_tablet=\u00bb\u00bb custom_padding_phone=\u00bb||0px||false|false\u00bb custom_padding_last_edited=\u00bbon|phone\u00bb][et_pb_text _builder_version=\u00bb4.3.2&#8243; header_2_font=\u00bb|600|||||||\u00bb header_2_line_height=\u00bb1.1em\u00bb header_3_line_height=\u00bb1.3em\u00bb]<blockquote>\n<h2>Tenemos el conocimiento y experiencia necesarios para ayudarte invertir sabiamente en propiedades en Espa\u00f1a.<\/h2>\n<\/blockquote>[\/et_pb_text][et_pb_text _builder_version=\u00bb4.3.2&#8243; text_orientation=\u00bbjustified\u00bb]<p>Ahora es el momento ideal para invertir en Espa\u00f1a. Tras la crisis econ\u00f3mica, os precios se han rcuperado pero a\u00fan no han alcanzado los m\u00e1ximos anteriores. La econom\u00eda ha vuelto a ser estable y contin\u00faa creciendo. Para 2020, se predice una subida de un 2&#8217;5%, un n\u00famero impresionantemente alto en comparaci\u00f3n con otros muchos paises europeos. La demanda e\u00a1de inmuebles y oficinas es alta y sigue creciendo en muchos aspectos, as\u00ed como en el sector de la hosteler\u00eda.<\/p>\n<p>Tanto si est\u00e1s buscando una inversi\u00f3n para tu proyecto de vida como si la buscas en propiedades que reovar y vender o en el desarrollo de un proyecto hostelero, estamos aqu\u00ed para ayudarte a conseguir tus metas. Regularmente comparamos ofertas de mercado, manteniendonos al d\u00eda en los movimientos en precios y futuras tendencias en el sector inmobiliario.<\/p>\n<p>Nuestra misi\u00f3n es asistirte a la hora de encontrar y comprar una propiedad que cumpla tus requerimientos, en una zona que te guste y que cubra tus necesidades al mejor precio. Te ahorramos la molestia, el tiempo y el dinero que conlleva encontrar tu casa ideal, quitandote un peso de los hombros y dejando que te centres plenamente en tu labores, trabajos y vida personal.<\/p>\n<p>Durante todo el proceso nos aseguraremos de que tu experiencia sea lo m\u00e1s amena posible. Nuestra red de proveedores de servicios cuidadosamente elegidos estar\u00e1 a tu disposici\u00f3n, y te asistiremos a la hora de coordinar los servicios que solicites. Estaremos a tu disposici\u00f3n cuando lo necesites, sin restricci\u00f3n horaria.<\/p>[\/et_pb_text][et_pb_button button_url=\u00bbhttps:\/\/www.homebasespain.com\/es\/contacta\/\u00bb button_text=\u00bbCont\u00e1ctanos\u00bb button_alignment=\u00bbleft\u00bb button_alignment_tablet=\u00bbcenter\u00bb button_alignment_phone=\u00bbcenter\u00bb button_alignment_last_edited=\u00bbon|tablet\u00bb _builder_version=\u00bb4.4.1&#8243;][\/et_pb_button][\/et_pb_column][et_pb_column type=\u00bb1_2&#8243; _builder_version=\u00bb4.0.6&#8243; custom_padding=\u00bb25px||||false|false\u00bb custom_padding_tablet=\u00bb\u00bb custom_padding_phone=\u00bb10px||||false|false\u00bb custom_padding_last_edited=\u00bbon|phone\u00bb][et_pb_image src=\u00bbhttps:\/\/www.homebasespain.com\/wp-content\/uploads\/2019\/12\/Screenshot-2019-10-03-at-17.17.38-min-1.png\u00bb _builder_version=\u00bb4.0.6&#8243;][\/et_pb_image][et_pb_image src=\u00bbhttps:\/\/www.homebasespain.com\/wp-content\/uploads\/2019\/11\/3.jpg\u00bb _builder_version=\u00bb4.0.6&#8243; custom_padding=\u00bb20px||||false|false\u00bb][\/et_pb_image][\/et_pb_column][\/et_pb_row][et_pb_row use_custom_gutter=\u00bbon\u00bb gutter_width=\u00bb2&#8243; _builder_version=\u00bb4.4.7&#8243; background_color=\u00bb#a48a7b\u00bb background_image=\u00bbhttps:\/\/www.homebasespain.com\/wp-content\/uploads\/2019\/12\/geometic-bg-white.jpg\u00bb background_blend=\u00bbmultiply\u00bb custom_margin=\u00bb40px||||false|false\u00bb custom_padding=\u00bb|25px||25px|false|true\u00bb locked=\u00bboff\u00bb][et_pb_column type=\u00bb4_4&#8243; _builder_version=\u00bb4.0.6&#8243;][et_pb_text _builder_version=\u00bb4.4.7&#8243; header_font=\u00bb||||||||\u00bb header_3_font=\u00bb|600|||||||\u00bb header_3_text_align=\u00bbcenter\u00bb header_3_font_size=\u00bb25px\u00bb text_orientation=\u00bbcenter\u00bb background_layout=\u00bbdark\u00bb custom_margin=\u00bb||0px||false|false\u00bb hover_enabled=\u00bb0&#8243; header_3_text_align_tablet=\u00bbcenter\u00bb header_3_text_align_phone=\u00bb\u00bb header_3_text_align_last_edited=\u00bbon|desktop\u00bb text_orientation_last_edited=\u00bboff|desktop\u00bb]<h3>Kristin Ehrenborg<\/h3>\n<p><em>CEO &amp; Fundador<\/em><\/p>\n[\/et_pb_text][et_pb_divider color=\u00bb#ffffff\u00bb divider_weight=\u00bb3px\u00bb _builder_version=\u00bb4.4.7&#8243; width=\u00bb6%\u00bb module_alignment=\u00bbcenter\u00bb custom_margin=\u00bb||0px||false|false\u00bb custom_padding=\u00bb15px||||false|false\u00bb module_alignment_tablet=\u00bbcenter\u00bb module_alignment_phone=\u00bbcenter\u00bb module_alignment_last_edited=\u00bbon|phone\u00bb][\/et_pb_divider][et_pb_text _builder_version=\u00bb4.4.7&#8243; text_font_size=\u00bb18px\u00bb header_font=\u00bb||||||||\u00bb header_3_font=\u00bb|600|||||||\u00bb text_orientation=\u00bbcenter\u00bb background_layout=\u00bbdark\u00bb hover_enabled=\u00bb0&#8243; text_orientation_tablet=\u00bbcenter\u00bb text_orientation_phone=\u00bb\u00bb text_orientation_last_edited=\u00bbon|desktop\u00bb]<p>\u00abCont\u00e1ctenos y hablemos sobre c\u00f3mo mi equipo y yo podemos ayudarle a comprar o vender propiedades en Catalu\u00f1a\u00bb<\/p>\n<p><i class=\"fas fa-phone-volume\"><\/i><span style=\"color: #ffffff;\"><a href=\"tel:+346155589 98\" style=\"color: #ffffff;\">\u00a0+34 615 55 89 98<\/a><\/span><br \/> <i class=\"fas fa-envelope\" aria-hidden=\"true\"><\/i> <span style=\"color: #ffffff;\"><a href=\"mailto:kristin@homebasespain.com\" style=\"color: #ffffff;\">kristin@homebasespain.com<\/a><\/span><\/p>\n[\/et_pb_text][et_pb_social_media_follow icon_color=\u00bb#a48a7b\u00bb use_icon_font_size=\u00bbon\u00bb icon_font_size=\u00bb14px\u00bb _builder_version=\u00bb4.4.7&#8243; text_orientation=\u00bbcenter\u00bb custom_margin=\u00bb||0px||false|false\u00bb text_orientation_tablet=\u00bbcenter\u00bb text_orientation_phone=\u00bb\u00bb text_orientation_last_edited=\u00bbon|desktop\u00bb icon_color__hover_enabled=\u00bbon|hover\u00bb icon_color__hover=\u00bb#ffffff\u00bb][et_pb_social_media_follow_network social_network=\u00bbfacebook\u00bb url=\u00bbhttps:\/\/www.facebook.com\/homebasespain\/\u00bb _builder_version=\u00bb4.0.6&#8243; background_color=\u00bb#ffffff\u00bb background_enable_color=\u00bbon\u00bb background__hover_enabled=\u00bbon|hover\u00bb background_color__hover=\u00bb#0c71c3&#8243; background_enable_color__hover=\u00bbon\u00bb follow_button=\u00bboff\u00bb url_new_window=\u00bbon\u00bb]facebook[\/et_pb_social_media_follow_network][et_pb_social_media_follow_network social_network=\u00bbinstagram\u00bb url=\u00bbhttps:\/\/www.instagram.com\/homebasespain\/\u00bb _builder_version=\u00bb4.0.6&#8243; background_color=\u00bb#ffffff\u00bb background_enable_color=\u00bbon\u00bb background_color__hover=\u00bb#ea2c59&#8243; background_enable_color__hover=\u00bbon\u00bb background__hover_enabled=\u00bbon|hover\u00bb follow_button=\u00bboff\u00bb url_new_window=\u00bbon\u00bb]instagram[\/et_pb_social_media_follow_network][et_pb_social_media_follow_network social_network=\u00bblinkedin\u00bb url=\u00bbhttps:\/\/www.linkedin.com\/in\/kristin-ehrenborg\u00bb _builder_version=\u00bb4.0.6&#8243; background_color=\u00bb#ffffff\u00bb background_enable_color=\u00bbon\u00bb background_color__hover=\u00bb#0e76a8&#8243; background_enable_color__hover=\u00bbon\u00bb background__hover_enabled=\u00bbon|desktop\u00bb follow_button=\u00bboff\u00bb url_new_window=\u00bbon\u00bb]linkedin[\/et_pb_social_media_follow_network][\/et_pb_social_media_follow][\/et_pb_column][\/et_pb_row][\/et_pb_section]\n","protected":false},"excerpt":{"rendered":"","protected":false},"author":2,"featured_media":1838,"parent":0,"menu_order":4,"comment_status":"closed","ping_status":"closed","template":"","meta":{"_et_pb_use_builder":"on","_et_pb_old_content":"<!-- wp:html -->\n[et_pb_section fb_built=\"1\" fullwidth=\"on\" _builder_version=\"4.0.6\" background_color=\"rgba(0,0,0,0.25)\" background_image=\"https:\/\/www.homebasespain.com\/wp-content\/uploads\/2019\/12\/Carrer_Major_5_Saifores_Paquete_de_25_fotos_2_20191004-145037.jpg\" background_blend=\"multiply\"][et_pb_fullwidth_header title=\"@ET-DC@eyJkeW5hbWljIjp0cnVlLCJjb250ZW50IjoicG9zdF90aXRsZSIsInNldHRpbmdzIjp7ImJlZm9yZSI6IiIsImFmdGVyIjoiIn19@\" subhead=\"Homebase Spain\" _builder_version=\"4.0.6\" _dynamic_attributes=\"title\" title_font=\"|600|||||||\" title_text_align=\"left\" title_font_size=\"40px\" subhead_font=\"||||||||\" subhead_text_align=\"left\" subhead_font_size=\"20px\" background_enable_color=\"off\" custom_padding=\"40px||40px||true|false\" title_text_align_tablet=\"center\" title_text_align_phone=\"\" title_text_align_last_edited=\"on|phone\" subhead_text_align_tablet=\"center\" subhead_text_align_phone=\"\" subhead_text_align_last_edited=\"on|phone\"][\/et_pb_fullwidth_header][\/et_pb_section][et_pb_section fb_built=\"1\" _builder_version=\"4.0.6\" custom_margin=\"30px||||false|false\" custom_padding=\"0px||||false|false\" border_width_bottom=\"4px\" border_color_bottom=\"#a48a7b\"][et_pb_row column_structure=\"1_2,1_2\" use_custom_gutter=\"on\" gutter_width=\"2\" _builder_version=\"4.0.6\"][et_pb_column type=\"1_2\" _builder_version=\"4.0.6\" custom_padding_tablet=\"\" custom_padding_phone=\"||0px||false|false\" custom_padding_last_edited=\"on|phone\"][et_pb_text _builder_version=\"4.0.6\" header_2_font=\"|600|||||||\" header_2_line_height=\"1.1em\" header_3_line_height=\"1.3em\"]<blockquote>\n<h2>We have the knowledge and experience to help you invest wisely in Spanish property<\/h2>\n<\/blockquote>[\/et_pb_text][et_pb_text _builder_version=\"4.0.6\" text_orientation=\"justified\"]<p>Now is the right time to invest in Spain. Post the economic crisis, prices have recovered, but have still not reached the previous highs. The Spanish economy is stable and continues to grow. For 2020 a growth of 2,5% is predicted, an impressive number in comparison with many other European countries. The demand for housing and offices is high and growing in many areas, as is the hospitality sector.<\/p>\n<p>Whether you are looking to invest in your lifestyle project, in property to renovate and then to let, or in the development of a hospitality project, we are here for you and will help you in achieving your goals. We regularly screen market trends, keeping up to date on price movements and future trends in the real estate sector.<\/p>\n<p>Our mission is to assist you in finding and buying a property that meets your requirements in a location that suits your needs at the right price.<br \/> We save you the hassle, time, and money removing stress from the process. We leave you wholly focused on meeting your work commitments, enjoying personal time, and getting the most from your busy life.<\/p>\n<p>Throughout the process, we will make sure your experience will be as smooth as possible. Our network of carefully selected service providers will be available to you, and we will assist in coordinating the services you require. We are at your service when you need it, without restriction to office hours.<\/p>[\/et_pb_text][et_pb_button button_url=\"https:\/\/www.homebasespain.com\/contact\/\" button_text=\"Contact Us Now\" button_alignment=\"left\" _builder_version=\"4.0.6\" hover_enabled=\"0\" button_alignment_last_edited=\"on|tablet\" button_alignment_phone=\"center\" button_alignment_tablet=\"center\"][\/et_pb_button][\/et_pb_column][et_pb_column type=\"1_2\" _builder_version=\"4.0.6\" custom_padding=\"25px||||false|false\" custom_padding_tablet=\"\" custom_padding_phone=\"10px||||false|false\" custom_padding_last_edited=\"on|phone\"][et_pb_image src=\"https:\/\/www.homebasespain.com\/wp-content\/uploads\/2019\/12\/Screenshot-2019-10-03-at-17.17.38-min-1.png\" _builder_version=\"4.0.6\"][\/et_pb_image][et_pb_image src=\"https:\/\/www.homebasespain.com\/wp-content\/uploads\/2019\/11\/3.jpg\" _builder_version=\"4.0.6\" custom_padding=\"20px||||false|false\"][\/et_pb_image][\/et_pb_column][\/et_pb_row][et_pb_row column_structure=\"1_3,2_3\" use_custom_gutter=\"on\" gutter_width=\"2\" _builder_version=\"4.0.6\" background_color=\"#a48a7b\" background_image=\"https:\/\/www.homebasespain.com\/wp-content\/uploads\/2019\/12\/geometic-bg-white.jpg\" background_blend=\"multiply\" custom_margin=\"40px||||false|false\" custom_margin_tablet=\"\" custom_margin_phone=\"60px||||false|false\" custom_margin_last_edited=\"on|phone\" locked=\"off\"][et_pb_column type=\"1_3\" _builder_version=\"4.0.6\"][et_pb_image src=\"https:\/\/www.homebasespain.com\/wp-content\/uploads\/2019\/11\/Kristin.retrato.mini_-265x265.jpg\" align=\"center\" _builder_version=\"4.0.6\" custom_margin=\"-66px||||false|false\" custom_padding=\"0px|15px||15px|false|true\"][\/et_pb_image][\/et_pb_column][et_pb_column type=\"2_3\" _builder_version=\"4.0.6\" custom_padding=\"15px|15px|15px|15px|true|true\"][et_pb_text _builder_version=\"4.0.6\" header_font=\"||||||||\" header_3_font=\"|600|||||||\" header_3_text_align=\"left\" header_3_font_size=\"25px\" background_layout=\"dark\" custom_margin=\"||0px||false|false\" header_3_text_align_tablet=\"center\" header_3_text_align_phone=\"\" header_3_text_align_last_edited=\"on|desktop\" text_orientation_tablet=\"\" text_orientation_phone=\"\" text_orientation_last_edited=\"on|desktop\"]<h3>Kristin Ehrenborg<\/h3>[\/et_pb_text][et_pb_divider color=\"#ffffff\" divider_weight=\"3px\" _builder_version=\"4.0.6\" width=\"6%\" module_alignment=\"left\" custom_margin=\"||0px||false|false\" custom_padding=\"8px||||false|false\" module_alignment_tablet=\"center\" module_alignment_phone=\"center\" module_alignment_last_edited=\"on|phone\"][\/et_pb_divider][et_pb_text _builder_version=\"4.0.6\" text_font_size=\"18px\" header_font=\"||||||||\" header_3_font=\"|600|||||||\" background_layout=\"dark\" text_orientation_tablet=\"center\" text_orientation_phone=\"\" text_orientation_last_edited=\"on|desktop\"]<p>I\u00b4m passionate about properties, marketing and about helping my clients reach their goals and realize their dreams. You will hear me speak warmly of Catalonia, a place I now call my home.<\/p>\n<p><i class=\"fas fa-phone-volume\"><\/i><span style=\"color: #ffffff;\"><a href=\"tel:+346155589 98\" style=\"color: #ffffff;\">\u00a0+34 615 55 89 98<\/a><\/span><br \/> <span style=\"color: #ffffff;\"> <i class=\"fas fa-envelope\" aria-hidden=\"true\"><\/i> <a href=\"mailto:kristin@homebasespain.com\" style=\"color: #ffffff;\">kristin@homebasespain.com<\/a><\/span><\/p>[\/et_pb_text][et_pb_social_media_follow icon_color=\"#a48a7b\" use_icon_font_size=\"on\" icon_font_size=\"14px\" _builder_version=\"4.0.6\" text_orientation=\"left\" custom_margin=\"||0px||false|false\" text_orientation_tablet=\"center\" text_orientation_phone=\"\" text_orientation_last_edited=\"on|desktop\" locked=\"off\" icon_color__hover_enabled=\"on|hover\" icon_color__hover=\"#ffffff\"][et_pb_social_media_follow_network social_network=\"facebook\" url=\"https:\/\/www.facebook.com\/homebasespain\/\" _builder_version=\"4.0.6\" background_color=\"#ffffff\" background_enable_color=\"on\" background__hover_enabled=\"on|hover\" background_color__hover=\"#0c71c3\" background_enable_color__hover=\"on\" follow_button=\"off\" url_new_window=\"on\"]facebook[\/et_pb_social_media_follow_network][et_pb_social_media_follow_network social_network=\"instagram\" url=\"https:\/\/www.instagram.com\/homebasespain\/\" _builder_version=\"4.0.6\" background_color=\"#ffffff\" background_enable_color=\"on\" background_color__hover=\"#ea2c59\" background_enable_color__hover=\"on\" background__hover_enabled=\"on|hover\" follow_button=\"off\" url_new_window=\"on\"]instagram[\/et_pb_social_media_follow_network][et_pb_social_media_follow_network social_network=\"linkedin\" url=\"https:\/\/www.linkedin.com\/in\/kristin-ehrenborg\" _builder_version=\"4.0.6\" background_color=\"#ffffff\" background_enable_color=\"on\" background_color__hover=\"#0e76a8\" background_enable_color__hover=\"on\" background__hover_enabled=\"on|desktop\" follow_button=\"off\" url_new_window=\"on\"]linkedin[\/et_pb_social_media_follow_network][\/et_pb_social_media_follow][\/et_pb_column][\/et_pb_row][\/et_pb_section]\n<!-- \/wp:html -->","_et_gb_content_width":""},"yoast_head":"<!-- This site is optimized with the Yoast SEO plugin v18.2 - https:\/\/yoast.com\/wordpress\/plugins\/seo\/ -->\n<title>Compra e Invierte | Homebase Spain<\/title>\n<meta name=\"description\" content=\"Tenemos el conocimiento y experiencia necesarios para ayudarte invertir sabiamente en propiedades en Espa\u00f1a.\" \/>\n<meta name=\"robots\" content=\"index, follow, max-snippet:-1, max-image-preview:large, max-video-preview:-1\" \/>\n<link rel=\"canonical\" href=\"https:\/\/www.homebasespain.com\/es\/invierte-propiedad\/\" \/>\n<meta property=\"og:locale\" content=\"es_ES\" \/>\n<meta property=\"og:type\" content=\"article\" \/>\n<meta property=\"og:title\" content=\"Compra e Invierte | Homebase Spain\" \/>\n<meta property=\"og:description\" content=\"Tenemos el conocimiento y experiencia necesarios para ayudarte invertir sabiamente en propiedades en Espa\u00f1a.\" \/>\n<meta property=\"og:url\" content=\"https:\/\/www.homebasespain.com\/es\/invierte-propiedad\/\" \/>\n<meta property=\"og:site_name\" content=\"Homebase Spain\" \/>\n<meta property=\"article:modified_time\" content=\"2020-10-23T09:09:07+00:00\" \/>\n<meta property=\"og:image\" content=\"https:\/\/www.homebasespain.com\/wp-content\/uploads\/2019\/11\/2.jpg\" \/>\n\t<meta property=\"og:image:width\" content=\"2000\" \/>\n\t<meta property=\"og:image:height\" content=\"1000\" \/>\n\t<meta property=\"og:image:type\" content=\"image\/jpeg\" \/>\n<meta name=\"twitter:card\" content=\"summary_large_image\" \/>\n<meta name=\"twitter:image\" content=\"https:\/\/www.homebasespain.com\/wp-content\/uploads\/2019\/11\/2.jpg\" \/>\n<meta name=\"twitter:label1\" content=\"Tiempo de lectura\" \/>\n\t<meta name=\"twitter:data1\" content=\"5 minutos\" \/>\n<script type=\"application\/ld+json\" class=\"yoast-schema-graph\">{\"@context\":\"https:\/\/schema.org\",\"@graph\":[{\"@type\":\"Organization\",\"@id\":\"https:\/\/www.homebasespain.com\/#organization\",\"name\":\"Home Base Spain\",\"url\":\"https:\/\/www.homebasespain.com\/\",\"sameAs\":[],\"logo\":{\"@type\":\"ImageObject\",\"@id\":\"https:\/\/www.homebasespain.com\/#logo\",\"inLanguage\":\"es\",\"url\":\"https:\/\/www.homebasespain.com\/wp-content\/uploads\/2020\/02\/Logo-HomeBaseSpain-BlackWEB.jpg\",\"contentUrl\":\"https:\/\/www.homebasespain.com\/wp-content\/uploads\/2020\/02\/Logo-HomeBaseSpain-BlackWEB.jpg\",\"width\":1080,\"height\":1080,\"caption\":\"Home Base Spain\"},\"image\":{\"@id\":\"https:\/\/www.homebasespain.com\/#logo\"}},{\"@type\":\"WebSite\",\"@id\":\"https:\/\/www.homebasespain.com\/#website\",\"url\":\"https:\/\/www.homebasespain.com\/\",\"name\":\"Homebase Spain\",\"description\":\"Expertos en inmuebles con car\u00e1cter e inversi\u00f3n en propiedades en Catalu\u00f1a.\",\"publisher\":{\"@id\":\"https:\/\/www.homebasespain.com\/#organization\"},\"potentialAction\":[{\"@type\":\"SearchAction\",\"target\":{\"@type\":\"EntryPoint\",\"urlTemplate\":\"https:\/\/www.homebasespain.com\/?s={search_term_string}\"},\"query-input\":\"required name=search_term_string\"}],\"inLanguage\":\"es\"},{\"@type\":\"ImageObject\",\"@id\":\"https:\/\/www.homebasespain.com\/es\/invierte-propiedad\/#primaryimage\",\"inLanguage\":\"es\",\"url\":\"https:\/\/www.homebasespain.com\/wp-content\/uploads\/2019\/11\/2.jpg\",\"contentUrl\":\"https:\/\/www.homebasespain.com\/wp-content\/uploads\/2019\/11\/2.jpg\",\"width\":2000,\"height\":1000},{\"@type\":\"WebPage\",\"@id\":\"https:\/\/www.homebasespain.com\/es\/invierte-propiedad\/#webpage\",\"url\":\"https:\/\/www.homebasespain.com\/es\/invierte-propiedad\/\",\"name\":\"Compra e Invierte | Homebase Spain\",\"isPartOf\":{\"@id\":\"https:\/\/www.homebasespain.com\/#website\"},\"primaryImageOfPage\":{\"@id\":\"https:\/\/www.homebasespain.com\/es\/invierte-propiedad\/#primaryimage\"},\"datePublished\":\"2020-02-11T16:57:11+00:00\",\"dateModified\":\"2020-10-23T09:09:07+00:00\",\"description\":\"Tenemos el conocimiento y experiencia necesarios para ayudarte invertir sabiamente en propiedades en Espa\u00f1a.\",\"breadcrumb\":{\"@id\":\"https:\/\/www.homebasespain.com\/es\/invierte-propiedad\/#breadcrumb\"},\"inLanguage\":\"es\",\"potentialAction\":[{\"@type\":\"ReadAction\",\"target\":[\"https:\/\/www.homebasespain.com\/es\/invierte-propiedad\/\"]}]},{\"@type\":\"BreadcrumbList\",\"@id\":\"https:\/\/www.homebasespain.com\/es\/invierte-propiedad\/#breadcrumb\",\"itemListElement\":[{\"@type\":\"ListItem\",\"position\":1,\"name\":\"Home\",\"item\":\"https:\/\/www.homebasespain.com\/es\/\"},{\"@type\":\"ListItem\",\"position\":2,\"name\":\"Compra e Invierte\"}]}]}<\/script>\n<!-- \/ Yoast SEO plugin. -->","yoast_head_json":{"title":"Compra e Invierte | Homebase Spain","description":"Tenemos el conocimiento y experiencia necesarios para ayudarte invertir sabiamente en propiedades en Espa\u00f1a.","robots":{"index":"index","follow":"follow","max-snippet":"max-snippet:-1","max-image-preview":"max-image-preview:large","max-video-preview":"max-video-preview:-1"},"canonical":"https:\/\/www.homebasespain.com\/es\/invierte-propiedad\/","og_locale":"es_ES","og_type":"article","og_title":"Compra e Invierte | Homebase Spain","og_description":"Tenemos el conocimiento y experiencia necesarios para ayudarte invertir sabiamente en propiedades en Espa\u00f1a.","og_url":"https:\/\/www.homebasespain.com\/es\/invierte-propiedad\/","og_site_name":"Homebase Spain","article_modified_time":"2020-10-23T09:09:07+00:00","og_image":[{"width":2000,"height":1000,"url":"https:\/\/www.homebasespain.com\/wp-content\/uploads\/2019\/11\/2.jpg","type":"image\/jpeg"}],"twitter_card":"summary_large_image","twitter_image":"https:\/\/www.homebasespain.com\/wp-content\/uploads\/2019\/11\/2.jpg","twitter_misc":{"Tiempo de lectura":"5 minutos"},"schema":{"@context":"https:\/\/schema.org","@graph":[{"@type":"Organization","@id":"https:\/\/www.homebasespain.com\/#organization","name":"Home Base Spain","url":"https:\/\/www.homebasespain.com\/","sameAs":[],"logo":{"@type":"ImageObject","@id":"https:\/\/www.homebasespain.com\/#logo","inLanguage":"es","url":"https:\/\/www.homebasespain.com\/wp-content\/uploads\/2020\/02\/Logo-HomeBaseSpain-BlackWEB.jpg","contentUrl":"https:\/\/www.homebasespain.com\/wp-content\/uploads\/2020\/02\/Logo-HomeBaseSpain-BlackWEB.jpg","width":1080,"height":1080,"caption":"Home Base Spain"},"image":{"@id":"https:\/\/www.homebasespain.com\/#logo"}},{"@type":"WebSite","@id":"https:\/\/www.homebasespain.com\/#website","url":"https:\/\/www.homebasespain.com\/","name":"Homebase Spain","description":"Expertos en inmuebles con car\u00e1cter e inversi\u00f3n en propiedades en Catalu\u00f1a.","publisher":{"@id":"https:\/\/www.homebasespain.com\/#organization"},"potentialAction":[{"@type":"SearchAction","target":{"@type":"EntryPoint","urlTemplate":"https:\/\/www.homebasespain.com\/?s={search_term_string}"},"query-input":"required name=search_term_string"}],"inLanguage":"es"},{"@type":"ImageObject","@id":"https:\/\/www.homebasespain.com\/es\/invierte-propiedad\/#primaryimage","inLanguage":"es","url":"https:\/\/www.homebasespain.com\/wp-content\/uploads\/2019\/11\/2.jpg","contentUrl":"https:\/\/www.homebasespain.com\/wp-content\/uploads\/2019\/11\/2.jpg","width":2000,"height":1000},{"@type":"WebPage","@id":"https:\/\/www.homebasespain.com\/es\/invierte-propiedad\/#webpage","url":"https:\/\/www.homebasespain.com\/es\/invierte-propiedad\/","name":"Compra e Invierte | Homebase Spain","isPartOf":{"@id":"https:\/\/www.homebasespain.com\/#website"},"primaryImageOfPage":{"@id":"https:\/\/www.homebasespain.com\/es\/invierte-propiedad\/#primaryimage"},"datePublished":"2020-02-11T16:57:11+00:00","dateModified":"2020-10-23T09:09:07+00:00","description":"Tenemos el conocimiento y experiencia necesarios para ayudarte invertir sabiamente en propiedades en Espa\u00f1a.","breadcrumb":{"@id":"https:\/\/www.homebasespain.com\/es\/invierte-propiedad\/#breadcrumb"},"inLanguage":"es","potentialAction":[{"@type":"ReadAction","target":["https:\/\/www.homebasespain.com\/es\/invierte-propiedad\/"]}]},{"@type":"BreadcrumbList","@id":"https:\/\/www.homebasespain.com\/es\/invierte-propiedad\/#breadcrumb","itemListElement":[{"@type":"ListItem","position":1,"name":"Home","item":"https:\/\/www.homebasespain.com\/es\/"},{"@type":"ListItem","position":2,"name":"Compra e Invierte"}]}]}},"_links":{"self":[{"href":"https:\/\/www.homebasespain.com\/es\/wp-json\/wp\/v2\/pages\/2092"}],"collection":[{"href":"https:\/\/www.homebasespain.com\/es\/wp-json\/wp\/v2\/pages"}],"about":[{"href":"https:\/\/www.homebasespain.com\/es\/wp-json\/wp\/v2\/types\/page"}],"author":[{"embeddable":true,"href":"https:\/\/www.homebasespain.com\/es\/wp-json\/wp\/v2\/users\/2"}],"replies":[{"embeddable":true,"href":"https:\/\/www.homebasespain.com\/es\/wp-json\/wp\/v2\/comments?post=2092"}],"version-history":[{"count":0,"href":"https:\/\/www.homebasespain.com\/es\/wp-json\/wp\/v2\/pages\/2092\/revisions"}],"wp:featuredmedia":[{"embeddable":true,"href":"https:\/\/www.homebasespain.com\/es\/wp-json\/wp\/v2\/media\/1838"}],"wp:attachment":[{"href":"https:\/\/www.homebasespain.com\/es\/wp-json\/wp\/v2\/media?parent=2092"}],"curies":[{"name":"wp","href":"https:\/\/api.w.org\/{rel}","templated":true}]}}