{"id":1991,"date":"2020-02-10T16:54:22","date_gmt":"2020-02-10T16:54:22","guid":{"rendered":"https:\/\/www.homebasespain.com\/?page_id=1991"},"modified":"2020-10-23T08:59:41","modified_gmt":"2020-10-23T08:59:41","slug":"agente-inmobiliario-sitges","status":"publish","type":"page","link":"https:\/\/www.homebasespain.com\/es\/agente-inmobiliario-sitges\/","title":{"rendered":"Sobre nosotros"},"content":{"rendered":"\n[et_pb_section fb_built=\u00bb1&#8243; fullwidth=\u00bbon\u00bb _builder_version=\u00bb4.0.6&#8243; background_color=\u00bbrgba(0,0,0,0.25)\u00bb background_image=\u00bbhttps:\/\/www.homebasespain.com\/wp-content\/uploads\/2019\/12\/Carrer_Major_5_Saifores_Paquete_de_25_fotos_2_20191004-145037.jpg\u00bb background_blend=\u00bbmultiply\u00bb][et_pb_fullwidth_header title=\u00bb@ET-DC@eyJkeW5hbWljIjp0cnVlLCJjb250ZW50IjoicG9zdF90aXRsZSIsInNldHRpbmdzIjp7ImJlZm9yZSI6IiIsImFmdGVyIjoiIn19@\u00bb subhead=\u00bbHomebase Spain\u00bb _builder_version=\u00bb4.3.2&#8243; _dynamic_attributes=\u00bbtitle\u00bb title_font=\u00bb|600|||||||\u00bb title_text_align=\u00bbleft\u00bb title_font_size=\u00bb40px\u00bb subhead_font=\u00bb||||||||\u00bb subhead_text_align=\u00bbleft\u00bb subhead_font_size=\u00bb20px\u00bb background_enable_color=\u00bboff\u00bb custom_padding=\u00bb40px||40px||true|false\u00bb title_text_align_tablet=\u00bbcenter\u00bb title_text_align_phone=\u00bb\u00bb title_text_align_last_edited=\u00bbon|phone\u00bb subhead_text_align_tablet=\u00bbcenter\u00bb subhead_text_align_phone=\u00bb\u00bb subhead_text_align_last_edited=\u00bbon|phone\u00bb][\/et_pb_fullwidth_header][\/et_pb_section][et_pb_section fb_built=\u00bb1&#8243; _builder_version=\u00bb4.0.6&#8243; border_width_bottom=\u00bb5px\u00bb border_color_bottom=\u00bb#a48a7b\u00bb][et_pb_row column_structure=\u00bb1_2,1_2&#8243; use_custom_gutter=\u00bbon\u00bb _builder_version=\u00bb4.0.6&#8243; custom_padding=\u00bb0px||||false|false\u00bb][et_pb_column type=\u00bb1_2&#8243; _builder_version=\u00bb4.0.6&#8243; custom_padding=\u00bb||0px||false|false\u00bb][et_pb_text _builder_version=\u00bb4.3.2&#8243; header_2_font=\u00bb|600|||||||\u00bb header_2_text_align=\u00bbleft\u00bb header_2_line_height=\u00bb1.1em\u00bb]<blockquote>\n<h2>Somos un equipo de expertos en propiedades inmobiliarias a su servicio.<\/h2>\n<\/blockquote>[\/et_pb_text][et_pb_text _builder_version=\u00bb4.3.2&#8243; text_orientation=\u00bbjustified\u00bb custom_margin=\u00bb||0px||false|false\u00bb custom_margin_tablet=\u00bb\u00bb custom_margin_phone=\u00bb||-30px||false|false\u00bb custom_margin_last_edited=\u00bbon|phone\u00bb custom_padding=\u00bb||0px||false|false\u00bb]<p>Nuestras especialiades son los inmuebles, as\u00ed como el desarrollo de proyectos en el sector residencial y el hostelero.<\/p>\n<p>Nuestro equipo cuenta con profesionales en los cuales puedes contar para elegir, comprar, renovar, desarrollar y vender propiedades en Catalu\u00f1a, con seguridad y efectividad. Somos agentes, promotores y comerciales inmobiliarios con perfiles reconocidos internacionalmente y trabajamos codo con codo con una red de arquitectos, t\u00e9cnicos, constructores y abogados de confianza.<\/p>\n<p>Ponemos por delante los intereses de nuestros cientes y hacemos lo posible para conseguir los mejores acuerdos, trabajando desde la perpectiva tanto de los vendedores como de los compradores. <strong><span size=\"5\" style=\"font-size: large;\">Es facil contactarnos debido a que estamos disponibles a cualquier hora que necesites, sin necesidad de un horario concreto. <\/span><\/strong>A parte de eso, la comunicaci\u00f3n y la transparencia son partes fundamentales de nuestro proceso.\u00a0<\/p>\n<p><strong><span size=\"5\" style=\"font-size: large;\">Ya busques una casa en la que vivir como una segunda residencia o una inversi\u00f3n en propiedades, estamos dispuestos a ayudarte.\u00a0<\/span><\/strong>Cuando desees vender tu propiedad, te ofreceremos la ayuda, servicios y marketing que necesitas para hacerlo r\u00e1pido y al mejor precio. Aseguramos una visibilidad efectiva, tanto nacional como internacionalmente (desde portales de venta a nuestra comunidad inmobiliaria, campa\u00f1as en redes sociales y ferias comerciales). Creamos una presentaci\u00f3n a la \u00faltima para tu propiedad y proporcionamos asistencia a los potenciales clientes, llevandolos de la mano durante todo el proceso de compra, evitando las sorpresas sobre la marcha.<\/p>\n<p>Otro de los campos que maneja nuestro equipo es el desarrollo de proyectos y la\u00a0<strong><span size=\"5\" style=\"font-size: large;\">administraci\u00f3n de proyectos en el sector hostelero y residencial. <\/span><\/strong>\u00bfEst\u00e1s interesado en investir en esos sectores y necesitas ayuda para estudiar, dise\u00f1ar y dirigir el proyecto? Eres bienvenido a contactarnos para una primera consulta gratuita.<\/p>\n<p>&nbsp;<\/p>[\/et_pb_text][\/et_pb_column][et_pb_column type=\u00bb1_2&#8243; _builder_version=\u00bb4.0.6&#8243; custom_padding=\u00bb25px||||false|false\u00bb custom_padding_tablet=\u00bb\u00bb custom_padding_phone=\u00bb0px||||false|false\u00bb custom_padding_last_edited=\u00bbon|phone\u00bb][et_pb_image src=\u00bbhttps:\/\/www.homebasespain.com\/wp-content\/uploads\/2020\/07\/TEAM-HOMEBASE-SPAIN-REAL-ESTATE.WEB_.jpg\u00bb _builder_version=\u00bb4.4.8&#8243; hover_enabled=\u00bb0&#8243; title_text=\u00bbTEAM HOMEBASE SPAIN REAL ESTATE.WEB\u00bb][\/et_pb_image][et_pb_image src=\u00bbhttps:\/\/www.homebasespain.com\/wp-content\/uploads\/2020\/01\/KristinEhrenborg-SantPeredeRibes-Rac\u00a220-1920px-01copy_optimized.jpg\u00bb force_fullwidth=\u00bbon\u00bb _builder_version=\u00bb4.0.6&#8243; custom_padding=\u00bb20px||||false|false\u00bb][\/et_pb_image][\/et_pb_column][\/et_pb_row][et_pb_row column_structure=\u00bb1_3,2_3&#8243; use_custom_gutter=\u00bbon\u00bb gutter_width=\u00bb1&#8243; _builder_version=\u00bb4.0.6&#8243; background_color=\u00bb#a48a7b\u00bb background_image=\u00bbhttps:\/\/www.homebasespain.com\/wp-content\/uploads\/2019\/12\/geometic-bg-white.jpg\u00bb background_blend=\u00bbmultiply\u00bb custom_margin=\u00bb40px||||false|false\u00bb custom_margin_tablet=\u00bb\u00bb custom_margin_phone=\u00bb70px||||false|false\u00bb custom_margin_last_edited=\u00bbon|phone\u00bb locked=\u00bboff\u00bb][et_pb_column type=\u00bb1_3&#8243; _builder_version=\u00bb4.0.6&#8243;][et_pb_image src=\u00bbhttps:\/\/www.homebasespain.com\/wp-content\/uploads\/2020\/03\/homebasespain-Kristin.jpg\u00bb align=\u00bbcenter\u00bb _builder_version=\u00bb4.4.2&#8243; height=\u00bb348px\u00bb custom_margin=\u00bb-66px||||false|false\u00bb custom_padding=\u00bb0px|15px||15px|false|true\u00bb locked=\u00bboff\u00bb][\/et_pb_image][\/et_pb_column][et_pb_column type=\u00bb2_3&#8243; _builder_version=\u00bb4.0.6&#8243; custom_padding=\u00bb15px|15px|15px|15px|true|true\u00bb][et_pb_text _builder_version=\u00bb4.0.6&#8243; header_font=\u00bb||||||||\u00bb header_3_font=\u00bb|600|||||||\u00bb header_3_text_align=\u00bbleft\u00bb header_3_font_size=\u00bb25px\u00bb background_layout=\u00bbdark\u00bb custom_margin=\u00bb||0px||false|false\u00bb header_3_text_align_tablet=\u00bbcenter\u00bb header_3_text_align_phone=\u00bb\u00bb header_3_text_align_last_edited=\u00bbon|desktop\u00bb text_orientation_tablet=\u00bb\u00bb text_orientation_phone=\u00bb\u00bb text_orientation_last_edited=\u00bbon|desktop\u00bb]<h3>Kristin Ehrenborg<\/h3>[\/et_pb_text][et_pb_divider color=\u00bb#ffffff\u00bb divider_weight=\u00bb3px\u00bb _builder_version=\u00bb4.0.6&#8243; width=\u00bb6%\u00bb module_alignment=\u00bbleft\u00bb custom_margin=\u00bb||0px||false|false\u00bb custom_padding=\u00bb8px||||false|false\u00bb module_alignment_tablet=\u00bbcenter\u00bb module_alignment_phone=\u00bbcenter\u00bb module_alignment_last_edited=\u00bbon|phone\u00bb][\/et_pb_divider][et_pb_text _builder_version=\u00bb4.4.1&#8243; text_font_size=\u00bb18px\u00bb header_font=\u00bb||||||||\u00bb header_3_font=\u00bb|600|||||||\u00bb background_layout=\u00bbdark\u00bb custom_padding=\u00bb||18px||false|false\u00bb text_orientation_tablet=\u00bbcenter\u00bb text_orientation_phone=\u00bb\u00bb text_orientation_last_edited=\u00bbon|desktop\u00bb]<p>Me apasionan los inmuebles, el marketing\u00a0y ayudar a mis clientes a alcanzar sus metas y conseguir sus sue\u00f1os. Me escuchar\u00e1s hablar entra\u00f1ablemente de Catalu\u00f1a, el sitio al cual ahora llamo hogar. <em><span style=\"color: #ffffff;\"><a href=\"https:\/\/www.homebasespain.com\/es\/kristin-ehrenborg\/\" style=\"color: #ffffff;\">M\u00e1s sobre Kristin\u00a0<\/a><\/span><\/em><\/p>[\/et_pb_text][et_pb_text _builder_version=\u00bb4.0.6&#8243; text_font_size=\u00bb18px\u00bb header_font=\u00bb||||||||\u00bb header_3_font=\u00bb|600|||||||\u00bb background_layout=\u00bbdark\u00bb custom_margin=\u00bb||15px||false|false\u00bb text_orientation_tablet=\u00bbcenter\u00bb text_orientation_phone=\u00bb\u00bb text_orientation_last_edited=\u00bbon|desktop\u00bb]<p><i class=\"fas fa-phone-volume\"><\/i><span style=\"color: #ffffff;\"><a href=\"tel:+346155589 98\" style=\"color: #ffffff;\">+34 615 55 89 98<\/a><\/span><br \/> <span style=\"color: #ffffff;\"> <i class=\"fas fa-envelope\" aria-hidden=\"true\"><\/i> <a href=\"mailto:kristin@homebasespain.com\" style=\"color: #ffffff;\">kristin@homebasespain.com<\/a><\/span><\/p>[\/et_pb_text][et_pb_social_media_follow icon_color=\u00bb#a48a7b\u00bb use_icon_font_size=\u00bbon\u00bb icon_font_size=\u00bb14px\u00bb _builder_version=\u00bb4.0.6&#8243; text_orientation=\u00bbleft\u00bb custom_margin=\u00bb||0px||false|false\u00bb text_orientation_tablet=\u00bbcenter\u00bb text_orientation_phone=\u00bb\u00bb text_orientation_last_edited=\u00bbon|desktop\u00bb locked=\u00bboff\u00bb icon_color__hover_enabled=\u00bbon|hover\u00bb icon_color__hover=\u00bb#ffffff\u00bb][et_pb_social_media_follow_network social_network=\u00bbfacebook\u00bb url=\u00bbhttps:\/\/www.facebook.com\/homebasespain\/\u00bb _builder_version=\u00bb4.0.6&#8243; background_color=\u00bb#ffffff\u00bb background_enable_color=\u00bbon\u00bb background__hover_enabled=\u00bbon|hover\u00bb background_color__hover=\u00bb#0c71c3&#8243; background_enable_color__hover=\u00bbon\u00bb follow_button=\u00bboff\u00bb url_new_window=\u00bbon\u00bb]facebook[\/et_pb_social_media_follow_network][et_pb_social_media_follow_network social_network=\u00bbinstagram\u00bb url=\u00bbhttps:\/\/www.instagram.com\/homebasespain\/\u00bb _builder_version=\u00bb4.0.6&#8243; background_color=\u00bb#ffffff\u00bb background_enable_color=\u00bbon\u00bb background_color__hover=\u00bb#ea2c59&#8243; background_enable_color__hover=\u00bbon\u00bb background__hover_enabled=\u00bbon|hover\u00bb follow_button=\u00bboff\u00bb url_new_window=\u00bbon\u00bb]instagram[\/et_pb_social_media_follow_network][et_pb_social_media_follow_network social_network=\u00bblinkedin\u00bb url=\u00bbhttps:\/\/www.linkedin.com\/in\/kristin-ehrenborg\u00bb _builder_version=\u00bb4.0.6&#8243; background_color=\u00bb#ffffff\u00bb background_enable_color=\u00bbon\u00bb background_color__hover=\u00bb#0e76a8&#8243; background_enable_color__hover=\u00bbon\u00bb background__hover_enabled=\u00bbon|desktop\u00bb follow_button=\u00bboff\u00bb url_new_window=\u00bbon\u00bb]linkedin[\/et_pb_social_media_follow_network][\/et_pb_social_media_follow][\/et_pb_column][\/et_pb_row][\/et_pb_section]\n","protected":false},"excerpt":{"rendered":"","protected":false},"author":2,"featured_media":2817,"parent":0,"menu_order":1,"comment_status":"closed","ping_status":"closed","template":"","meta":{"_et_pb_use_builder":"on","_et_pb_old_content":"","_et_gb_content_width":""},"yoast_head":"<!-- This site is optimized with the Yoast SEO plugin v18.2 - https:\/\/yoast.com\/wordpress\/plugins\/seo\/ -->\n<title>Sobre nosotros | Homebase Spain<\/title>\n<meta name=\"description\" content=\"Nuestras especialiades son los inmuebles, as\u00ed como el desarrollo de proyectos en el sector residencial y el hostelero.\" \/>\n<meta name=\"robots\" content=\"index, follow, max-snippet:-1, max-image-preview:large, max-video-preview:-1\" \/>\n<link rel=\"canonical\" href=\"https:\/\/www.homebasespain.com\/es\/agente-inmobiliario-sitges\/\" \/>\n<meta property=\"og:locale\" content=\"es_ES\" \/>\n<meta property=\"og:type\" content=\"article\" \/>\n<meta property=\"og:title\" content=\"Sobre nosotros | Homebase Spain\" \/>\n<meta property=\"og:description\" content=\"Nuestras especialiades son los inmuebles, as\u00ed como el desarrollo de proyectos en el sector residencial y el hostelero.\" \/>\n<meta property=\"og:url\" content=\"https:\/\/www.homebasespain.com\/es\/agente-inmobiliario-sitges\/\" \/>\n<meta property=\"og:site_name\" content=\"Homebase Spain\" \/>\n<meta property=\"article:modified_time\" content=\"2020-10-23T08:59:41+00:00\" \/>\n<meta property=\"og:image\" content=\"https:\/\/www.homebasespain.com\/wp-content\/uploads\/2019\/12\/Logo-HomeBaseSpain-BW500px.jpg\" \/>\n\t<meta property=\"og:image:width\" content=\"500\" \/>\n\t<meta property=\"og:image:height\" content=\"500\" \/>\n\t<meta property=\"og:image:type\" content=\"image\/jpeg\" \/>\n<meta name=\"twitter:card\" content=\"summary_large_image\" \/>\n<meta name=\"twitter:image\" content=\"https:\/\/www.homebasespain.com\/wp-content\/uploads\/2019\/12\/Logo-HomeBaseSpain-BW500px.jpg\" \/>\n<meta name=\"twitter:label1\" content=\"Tiempo de lectura\" \/>\n\t<meta name=\"twitter:data1\" content=\"6 minutos\" \/>\n<script type=\"application\/ld+json\" class=\"yoast-schema-graph\">{\"@context\":\"https:\/\/schema.org\",\"@graph\":[{\"@type\":\"Organization\",\"@id\":\"https:\/\/www.homebasespain.com\/#organization\",\"name\":\"Home Base Spain\",\"url\":\"https:\/\/www.homebasespain.com\/\",\"sameAs\":[],\"logo\":{\"@type\":\"ImageObject\",\"@id\":\"https:\/\/www.homebasespain.com\/#logo\",\"inLanguage\":\"es\",\"url\":\"https:\/\/www.homebasespain.com\/wp-content\/uploads\/2020\/02\/Logo-HomeBaseSpain-BlackWEB.jpg\",\"contentUrl\":\"https:\/\/www.homebasespain.com\/wp-content\/uploads\/2020\/02\/Logo-HomeBaseSpain-BlackWEB.jpg\",\"width\":1080,\"height\":1080,\"caption\":\"Home Base Spain\"},\"image\":{\"@id\":\"https:\/\/www.homebasespain.com\/#logo\"}},{\"@type\":\"WebSite\",\"@id\":\"https:\/\/www.homebasespain.com\/#website\",\"url\":\"https:\/\/www.homebasespain.com\/\",\"name\":\"Homebase Spain\",\"description\":\"Expertos en inmuebles con car\u00e1cter e inversi\u00f3n en propiedades en Catalu\u00f1a.\",\"publisher\":{\"@id\":\"https:\/\/www.homebasespain.com\/#organization\"},\"potentialAction\":[{\"@type\":\"SearchAction\",\"target\":{\"@type\":\"EntryPoint\",\"urlTemplate\":\"https:\/\/www.homebasespain.com\/?s={search_term_string}\"},\"query-input\":\"required name=search_term_string\"}],\"inLanguage\":\"es\"},{\"@type\":\"ImageObject\",\"@id\":\"https:\/\/www.homebasespain.com\/es\/agente-inmobiliario-sitges\/#primaryimage\",\"inLanguage\":\"es\",\"url\":\"https:\/\/www.homebasespain.com\/wp-content\/uploads\/2019\/12\/Logo-HomeBaseSpain-BW500px.jpg\",\"contentUrl\":\"https:\/\/www.homebasespain.com\/wp-content\/uploads\/2019\/12\/Logo-HomeBaseSpain-BW500px.jpg\",\"width\":500,\"height\":500},{\"@type\":\"WebPage\",\"@id\":\"https:\/\/www.homebasespain.com\/es\/agente-inmobiliario-sitges\/#webpage\",\"url\":\"https:\/\/www.homebasespain.com\/es\/agente-inmobiliario-sitges\/\",\"name\":\"Sobre nosotros | Homebase Spain\",\"isPartOf\":{\"@id\":\"https:\/\/www.homebasespain.com\/#website\"},\"primaryImageOfPage\":{\"@id\":\"https:\/\/www.homebasespain.com\/es\/agente-inmobiliario-sitges\/#primaryimage\"},\"datePublished\":\"2020-02-10T16:54:22+00:00\",\"dateModified\":\"2020-10-23T08:59:41+00:00\",\"description\":\"Nuestras especialiades son los inmuebles, as\u00ed como el desarrollo de proyectos en el sector residencial y el hostelero.\",\"breadcrumb\":{\"@id\":\"https:\/\/www.homebasespain.com\/es\/agente-inmobiliario-sitges\/#breadcrumb\"},\"inLanguage\":\"es\",\"potentialAction\":[{\"@type\":\"ReadAction\",\"target\":[\"https:\/\/www.homebasespain.com\/es\/agente-inmobiliario-sitges\/\"]}]},{\"@type\":\"BreadcrumbList\",\"@id\":\"https:\/\/www.homebasespain.com\/es\/agente-inmobiliario-sitges\/#breadcrumb\",\"itemListElement\":[{\"@type\":\"ListItem\",\"position\":1,\"name\":\"Home\",\"item\":\"https:\/\/www.homebasespain.com\/es\/\"},{\"@type\":\"ListItem\",\"position\":2,\"name\":\"Sobre nosotros\"}]}]}<\/script>\n<!-- \/ Yoast SEO plugin. -->","yoast_head_json":{"title":"Sobre nosotros | Homebase Spain","description":"Nuestras especialiades son los inmuebles, as\u00ed como el desarrollo de proyectos en el sector residencial y el hostelero.","robots":{"index":"index","follow":"follow","max-snippet":"max-snippet:-1","max-image-preview":"max-image-preview:large","max-video-preview":"max-video-preview:-1"},"canonical":"https:\/\/www.homebasespain.com\/es\/agente-inmobiliario-sitges\/","og_locale":"es_ES","og_type":"article","og_title":"Sobre nosotros | Homebase Spain","og_description":"Nuestras especialiades son los inmuebles, as\u00ed como el desarrollo de proyectos en el sector residencial y el hostelero.","og_url":"https:\/\/www.homebasespain.com\/es\/agente-inmobiliario-sitges\/","og_site_name":"Homebase Spain","article_modified_time":"2020-10-23T08:59:41+00:00","og_image":[{"width":500,"height":500,"url":"https:\/\/www.homebasespain.com\/wp-content\/uploads\/2019\/12\/Logo-HomeBaseSpain-BW500px.jpg","type":"image\/jpeg"}],"twitter_card":"summary_large_image","twitter_image":"https:\/\/www.homebasespain.com\/wp-content\/uploads\/2019\/12\/Logo-HomeBaseSpain-BW500px.jpg","twitter_misc":{"Tiempo de lectura":"6 minutos"},"schema":{"@context":"https:\/\/schema.org","@graph":[{"@type":"Organization","@id":"https:\/\/www.homebasespain.com\/#organization","name":"Home Base Spain","url":"https:\/\/www.homebasespain.com\/","sameAs":[],"logo":{"@type":"ImageObject","@id":"https:\/\/www.homebasespain.com\/#logo","inLanguage":"es","url":"https:\/\/www.homebasespain.com\/wp-content\/uploads\/2020\/02\/Logo-HomeBaseSpain-BlackWEB.jpg","contentUrl":"https:\/\/www.homebasespain.com\/wp-content\/uploads\/2020\/02\/Logo-HomeBaseSpain-BlackWEB.jpg","width":1080,"height":1080,"caption":"Home Base Spain"},"image":{"@id":"https:\/\/www.homebasespain.com\/#logo"}},{"@type":"WebSite","@id":"https:\/\/www.homebasespain.com\/#website","url":"https:\/\/www.homebasespain.com\/","name":"Homebase Spain","description":"Expertos en inmuebles con car\u00e1cter e inversi\u00f3n en propiedades en Catalu\u00f1a.","publisher":{"@id":"https:\/\/www.homebasespain.com\/#organization"},"potentialAction":[{"@type":"SearchAction","target":{"@type":"EntryPoint","urlTemplate":"https:\/\/www.homebasespain.com\/?s={search_term_string}"},"query-input":"required name=search_term_string"}],"inLanguage":"es"},{"@type":"ImageObject","@id":"https:\/\/www.homebasespain.com\/es\/agente-inmobiliario-sitges\/#primaryimage","inLanguage":"es","url":"https:\/\/www.homebasespain.com\/wp-content\/uploads\/2019\/12\/Logo-HomeBaseSpain-BW500px.jpg","contentUrl":"https:\/\/www.homebasespain.com\/wp-content\/uploads\/2019\/12\/Logo-HomeBaseSpain-BW500px.jpg","width":500,"height":500},{"@type":"WebPage","@id":"https:\/\/www.homebasespain.com\/es\/agente-inmobiliario-sitges\/#webpage","url":"https:\/\/www.homebasespain.com\/es\/agente-inmobiliario-sitges\/","name":"Sobre nosotros | Homebase Spain","isPartOf":{"@id":"https:\/\/www.homebasespain.com\/#website"},"primaryImageOfPage":{"@id":"https:\/\/www.homebasespain.com\/es\/agente-inmobiliario-sitges\/#primaryimage"},"datePublished":"2020-02-10T16:54:22+00:00","dateModified":"2020-10-23T08:59:41+00:00","description":"Nuestras especialiades son los inmuebles, as\u00ed como el desarrollo de proyectos en el sector residencial y el hostelero.","breadcrumb":{"@id":"https:\/\/www.homebasespain.com\/es\/agente-inmobiliario-sitges\/#breadcrumb"},"inLanguage":"es","potentialAction":[{"@type":"ReadAction","target":["https:\/\/www.homebasespain.com\/es\/agente-inmobiliario-sitges\/"]}]},{"@type":"BreadcrumbList","@id":"https:\/\/www.homebasespain.com\/es\/agente-inmobiliario-sitges\/#breadcrumb","itemListElement":[{"@type":"ListItem","position":1,"name":"Home","item":"https:\/\/www.homebasespain.com\/es\/"},{"@type":"ListItem","position":2,"name":"Sobre nosotros"}]}]}},"_links":{"self":[{"href":"https:\/\/www.homebasespain.com\/es\/wp-json\/wp\/v2\/pages\/1991"}],"collection":[{"href":"https:\/\/www.homebasespain.com\/es\/wp-json\/wp\/v2\/pages"}],"about":[{"href":"https:\/\/www.homebasespain.com\/es\/wp-json\/wp\/v2\/types\/page"}],"author":[{"embeddable":true,"href":"https:\/\/www.homebasespain.com\/es\/wp-json\/wp\/v2\/users\/2"}],"replies":[{"embeddable":true,"href":"https:\/\/www.homebasespain.com\/es\/wp-json\/wp\/v2\/comments?post=1991"}],"version-history":[{"count":0,"href":"https:\/\/www.homebasespain.com\/es\/wp-json\/wp\/v2\/pages\/1991\/revisions"}],"wp:featuredmedia":[{"embeddable":true,"href":"https:\/\/www.homebasespain.com\/es\/wp-json\/wp\/v2\/media\/2817"}],"wp:attachment":[{"href":"https:\/\/www.homebasespain.com\/es\/wp-json\/wp\/v2\/media?parent=1991"}],"curies":[{"name":"wp","href":"https:\/\/api.w.org\/{rel}","templated":true}]}}